{"id":2606,"date":"2024-09-23T11:36:49","date_gmt":"2024-09-23T09:36:49","guid":{"rendered":"https:\/\/staging-7.zertia.ai\/procedimientos-de-certificacion\/"},"modified":"2026-02-02T17:15:48","modified_gmt":"2026-02-02T16:15:48","slug":"procedimientos-de-certificacion","status":"publish","type":"page","link":"https:\/\/zertia.ai\/es\/procedimientos-de-certificacion\/","title":{"rendered":"Procedimientos de certificaci\u00f3n"},"content":{"rendered":"\t\t<div data-elementor-type=\"wp-page\" data-elementor-id=\"2606\" class=\"elementor elementor-2606 elementor-1177\" data-elementor-post-type=\"page\">\n\t\t\t\t<div class=\"has_ae_slider elementor-element elementor-element-4b59ea2 e-flex e-con-boxed ae-bg-gallery-type-default e-con e-parent\" data-id=\"4b59ea2\" data-element_type=\"container\">\n\t\t\t\t\t<div class=\"e-con-inner\">\n\t\t<div class=\"has_ae_slider elementor-element elementor-element-080cecc e-con-full e-flex ae-bg-gallery-type-default e-con e-child\" data-id=\"080cecc\" data-element_type=\"container\" data-settings=\"{&quot;background_background&quot;:&quot;classic&quot;}\">\n\t\t\t\t<div class=\"elementor-element elementor-element-a8513dd elementor-widget elementor-widget-heading\" data-id=\"a8513dd\" data-element_type=\"widget\" data-widget_type=\"heading.default\">\n\t\t\t\t<div class=\"elementor-widget-container\">\n\t\t\t\t\t<h1 class=\"elementor-heading-title elementor-size-default\"><span class=\"gradient-text-inner\">Procedimientos de certificaci\u00f3n<\/span><\/h1>\t\t\t\t<\/div>\n\t\t\t\t<\/div>\n\t\t\t\t<div class=\"elementor-element elementor-element-dc545af elementor-widget elementor-widget-text-editor\" data-id=\"dc545af\" data-element_type=\"widget\" data-widget_type=\"text-editor.default\">\n\t\t\t\t<div class=\"elementor-widget-container\">\n\t\t\t\t\t\t\t\t\t<div class=\"zertia-certification-procedures\"><h3>1. Proceso de auditor\u00eda<\/h3><ol><li><strong><u>Actividades previas a la certificaci\u00f3n:<\/u><\/strong> Implica el proceso de solicitud en el que Zertia recopila la informaci\u00f3n necesaria del solicitante, incluido el alcance de la certificaci\u00f3n, los detalles de la organizaci\u00f3n, los procesos subcontratados y cualquier consultor\u00eda proporcionada.<\/li><li><strong><u>Revisi\u00f3n de la solicitud:<\/u><\/strong> Zertia revisa la solicitud para asegurarse de que toda la informaci\u00f3n requerida est\u00e1 completa y se prepara para el programa de auditor\u00eda.<\/li><li><strong><u>Planificaci\u00f3n de la auditor\u00eda:<\/u><\/strong> Incluye la determinaci\u00f3n de los objetivos, el alcance y los criterios de la auditor\u00eda, la selecci\u00f3n del equipo auditor y la creaci\u00f3n de un plan de auditor\u00eda.<\/li><li><strong><u>Auditor\u00eda Inicial de Certificaci\u00f3n:<\/u><\/strong> El experimentado equipo de auditor\u00eda de Zertia lleva a cabo una auditor\u00eda de etapa 1 para revisar la documentaci\u00f3n del sistema de gesti\u00f3n del cliente, las condiciones del sitio y la preparaci\u00f3n para la etapa 2. El cliente de la auditor\u00eda recibir\u00e1 un informe de auditor\u00eda con cualquier hallazgo que deba ser abordado durante las etapas posteriores. Durante la fase 2, el equipo auditor evaluar\u00e1 la conformidad del sistema de gesti\u00f3n con los requisitos aplicables, incluida la evaluaci\u00f3n de la implantaci\u00f3n y eficacia del sistema de gesti\u00f3n.<p><em>Cualquier no conformidad debe abordarse mediante acciones correctivas antes de que pueda expedirse un certificado.<\/em><\/p><\/li><li><strong><u>Vigilancia y recertificaci\u00f3n:<\/u><\/strong> La certificaci\u00f3n es v\u00e1lida durante tres a\u00f1os, con auditor\u00edas de vigilancia cada seis a doce meses para controlar el cumplimiento y abordar las no conformidades. La recertificaci\u00f3n tendr\u00e1 lugar tres meses antes de la expiraci\u00f3n del certificado, inici\u00e1ndose un nuevo ciclo de certificaci\u00f3n.<\/li><\/ol><hr \/><h3>2. Procesos de concesi\u00f3n, denegaci\u00f3n, mantenimiento, renovaci\u00f3n, suspensi\u00f3n, restablecimiento o retirada de la certificaci\u00f3n o de ampliaci\u00f3n o reducci\u00f3n del alcance de la certificaci\u00f3n<\/h3><h4>Concesi\u00f3n de la certificaci\u00f3n<\/h4><p>Para ser recomendado para la certificaci\u00f3n, todas las no conformidades deben ser abordadas a trav\u00e9s de acciones correctivas apropiadas dentro del marco de tiempo asignado. Para las no conformidades mayores, Zertia verificar\u00e1 que se han implantado las acciones correctivas. Si la implementaci\u00f3n de las correcciones y acciones correctivas para las no conformidades mayores no pueden ser verificadas dentro de los 6 meses posteriores al \u00faltimo d\u00eda de la etapa 2, deber\u00e1 realizarse otra auditor\u00eda de etapa 2 antes de recomendar la certificaci\u00f3n.<\/p><p>Para las no conformidades menores, Zertia revisa si se ha establecido un plan de acciones correctivas. La eficacia de las acciones correctivas se verificar\u00e1 durante las auditor\u00edas posteriores.<\/p><p>El certificado se emite tras una revisi\u00f3n completa del expediente de auditor\u00eda para garantizar que existen pruebas suficientes que respalden una decisi\u00f3n de certificaci\u00f3n. El cliente debe estar en buena situaci\u00f3n financiera con Zertia antes de que un certificado pueda ser emitido.<\/p><p>La certificaci\u00f3n puede ser denegada si no hay pruebas suficientes de que el sistema de gesti\u00f3n cumple los criterios de auditor\u00eda, si el cliente no tiene una buena situaci\u00f3n financiera con Zertia o si no se cumplen los acuerdos contractuales.<\/p><h4>Mantenimiento de la certificaci\u00f3n<\/h4><p>La certificaci\u00f3n es v\u00e1lida durante tres a\u00f1os, con auditor\u00edas de vigilancia cada seis a doce meses para controlar el cumplimiento y abordar las no conformidades. La recertificaci\u00f3n tendr\u00e1 lugar tres meses antes de la expiraci\u00f3n del certificado, inici\u00e1ndose un nuevo ciclo de certificaci\u00f3n.<\/p><h4>Suspensi\u00f3n de la certificaci\u00f3n<\/h4><table class=\"zertia-table\"><thead><tr><th>Motivo<\/th><th>Acci\u00f3n<\/th><\/tr><\/thead><tbody><tr><td colspan=\"2\"><strong>El sistema de gesti\u00f3n certificado del cliente ha incumplido de forma persistente o grave los requisitos de certificaci\u00f3n, lo que se ha puesto de manifiesto por uno de los siguientes motivos:<\/strong><\/td><\/tr><tr><td>a) No abordar eficazmente una no conformidad grave<\/td><td>Suspensi\u00f3n inmediata una vez finalizado el plazo para abordar la no conformidad grave en su segunda aparici\u00f3n.<\/td><\/tr><tr><td>b) Una aver\u00eda completa del sistema<\/td><td>Discutir con el cliente la opci\u00f3n de una suspensi\u00f3n voluntaria hasta que haya subsanado la deficiencia en su sistema de gesti\u00f3n. Suspensi\u00f3n inmediata tras la detecci\u00f3n de la aver\u00eda completa del sistema.<\/td><\/tr><tr><td>c) No responder con acciones correctivas a las no conformidades dentro del plazo asignado<\/td><td>Para una NC grave: Suspensi\u00f3n inmediata una vez transcurrido el plazo para abordar la acci\u00f3n correctiva. Para una NC menor: El Director de Certificaci\u00f3n y el Auditor Jefe revisan el caso y deciden sobre una posible ampliaci\u00f3n del plazo para abordar la NC; env\u00edan una carta de advertencia al cliente indicando la ampliaci\u00f3n y posterior suspensi\u00f3n si no responde.<\/td><\/tr><tr><td>d) Violaciones de las normas de uso de las marcas y logotipos de Zertia o del organismo de acreditaci\u00f3n<\/td><td>Una vez conocido el hecho, el Coordinador de Certificaci\u00f3n env\u00eda carta al cliente indicando el hallazgo y solicitando la correcci\u00f3n inmediata en un plazo razonable dependiendo del tipo de violaci\u00f3n.<\/td><\/tr><tr><td>e) No responder a las quejas o no atender las quejas v\u00e1lidas<\/td><td>Suspensi\u00f3n inmediata una vez transcurrido el plazo para atender las quejas seg\u00fan el procedimiento de quejas P5-7.<\/td><\/tr><tr><td colspan=\"2\"><strong>El cliente no permite que se realicen auditor\u00edas de vigilancia o recertificaci\u00f3n con las frecuencias requeridas, incluidas:<\/strong><\/td><\/tr><tr><td>a) No responder a la comunicaci\u00f3n de Zertia en relaci\u00f3n con la programaci\u00f3n y planificaci\u00f3n de auditor\u00edas<\/td><td>La certificaci\u00f3n se suspende en el siguiente aniversario de la decisi\u00f3n de certificaci\u00f3n. Por ejemplo: si la decisi\u00f3n de certificaci\u00f3n inicial se tom\u00f3 el 15 de junio de 2024 y el cliente no responde a la comunicaci\u00f3n relativa a la programaci\u00f3n y planificaci\u00f3n de la auditor\u00eda, la certificaci\u00f3n se suspender\u00e1 a partir del 15 de junio de 2025.<\/td><\/tr><tr><td>b) No cooperar en la programaci\u00f3n o planificaci\u00f3n de las auditor\u00edas<\/td><td>La certificaci\u00f3n se suspende en el siguiente aniversario de la decisi\u00f3n de certificaci\u00f3n. Por ejemplo: si la decisi\u00f3n de certificaci\u00f3n inicial se tom\u00f3 el 15 de junio de 2024 y el cliente no responde a la comunicaci\u00f3n relativa a la programaci\u00f3n y planificaci\u00f3n de la auditor\u00eda, la certificaci\u00f3n se suspender\u00e1 a partir del 15 de junio de 2025.<\/td><\/tr><tr><td>El cliente solicita la suspensi\u00f3n<\/td><td>Seg\u00fan lo acordado entre Zertia y el cliente.<\/td><\/tr><tr><td>El cliente no paga las facturas de Zertia dentro de los plazos de pago establecidos<\/td><td>Env\u00edo de una carta de advertencia al cliente. Siempre que el calendario y las actividades de certificaci\u00f3n se hayan realizado de acuerdo con el programa de auditor\u00eda\/certificaci\u00f3n y el fallo sea administrativo, el Director de Certificaci\u00f3n podr\u00e1 conceder una pr\u00f3rroga.<\/td><\/tr><\/tbody><\/table><h4>Restablecimiento de la certificaci\u00f3n<\/h4><p>La certificaci\u00f3n se restablecer\u00e1 una vez resuelto el problema que provoc\u00f3 la suspensi\u00f3n. En cualquier caso, el resto del programa de auditor\u00eda con un ciclo de auditor\u00eda que incluya las fechas en las que se debe volver a obtener la certificaci\u00f3n no cambiar\u00e1. Por ejemplo: si una auditor\u00eda tiene lugar cinco meses despu\u00e9s de la fecha en que deb\u00eda realizarse (lo que da lugar a la suspensi\u00f3n), las fechas establecidas para las auditor\u00edas posteriores y la fecha de vencimiento de la recertificaci\u00f3n no cambian.<\/p><p>La certificaci\u00f3n puede restablecerse en un plazo de 6 meses a partir de la fecha de expiraci\u00f3n, siempre que se completen las actividades de recertificaci\u00f3n pendientes. En caso contrario, puede retirarse la certificaci\u00f3n y ser necesaria una auditor\u00eda de certificaci\u00f3n inicial completa.<\/p><h4>Retirada de la certificaci\u00f3n<\/h4><p>La certificaci\u00f3n se retirar\u00e1 si el cliente no aborda las acciones establecidas en el plazo previsto. La suspensi\u00f3n no debe superar los seis meses. Tras seis meses de suspensi\u00f3n, se retira la certificaci\u00f3n.<\/p><p>El Gestor de Certificaci\u00f3n decide sobre la retirada de la certificaci\u00f3n y lo notifica al cliente. El cliente puede solicitar la retirada.<\/p><p>Las certificaciones retiradas no pueden restablecerse. Si el cliente desea continuar con su certificaci\u00f3n tendr\u00e1 que volver a solicitarla y se establecer\u00e1 un nuevo programa de auditor\u00eda.<\/p><h4>Reducci\u00f3n del alcance de la certificaci\u00f3n<\/h4><p>Si determinadas partes del sistema de gesti\u00f3n incumplen de forma persistente o grave los requisitos de certificaci\u00f3n, el alcance puede reducirse para excluir dichas partes. Por ejemplo, si los requisitos del sistema de gesti\u00f3n no se cumplen para algunos de los productos que estaban originalmente dentro del alcance de la certificaci\u00f3n, el alcance puede reducirse para excluir esos productos o centros. En este caso, debe llegarse a un acuerdo con el cliente para determinar las acciones posteriores y los plazos.<\/p><p>Se debe emitir un nuevo certificado con el nuevo alcance, y los clientes deben devolver o proporcionar una declaraci\u00f3n por escrito de que el certificado original ha sido destruido.<\/p><h4>Ampliaci\u00f3n del alcance de la certificaci\u00f3n<\/h4><p>El cliente puede exigir una ampliaci\u00f3n del alcance para incluir, por ejemplo, otros productos, servicios, procesos o centros. Las ampliaciones del alcance suelen tratarse durante las auditor\u00edas anuales de vigilancia o recertificaci\u00f3n, a menos que el cliente exija una ampliaci\u00f3n inmediata.<\/p><hr \/><h3>3. Tipos de certificaciones de sistemas de gesti\u00f3n<\/h3><ul><li><strong>ISO\/IEC 42001:2023<\/strong> \u2014 Tecnolog\u00eda de la informaci\u00f3n \u2013 Inteligencia artificial \u2013 Sistema de gesti\u00f3n<\/li><li><strong>ISO\/IEC 27001:2022<\/strong> \u2014 Seguridad de la informaci\u00f3n, ciberseguridad y protecci\u00f3n de la privacidad \u2013 Sistemas de gesti\u00f3n de seguridad de la informaci\u00f3n \u2013 Requisitos<\/li><li><strong>ISO\/IEC 27701:2025<\/strong> \u2014 Seguridad de la informaci\u00f3n, ciberseguridad y protecci\u00f3n de la privacidad \u2013 Sistemas de gesti\u00f3n de privacidad de la informaci\u00f3n \u2013 Requisitos y directrices<\/li><\/ul><hr \/><h3>4. Procedimientos de tramitaci\u00f3n de solicitudes de informaci\u00f3n, reclamaciones y apelaciones<\/h3><p>La siguiente informaci\u00f3n puede proporcionarse previa solicitud (a trav\u00e9s de <a href=\"mailto:support@zertia.ai\">support@zertia.ai<\/a>):<\/p><ul><li>\u00c1reas geogr\u00e1ficas en las que opera Zertia.<\/li><li>Status de una certificaci\u00f3n.<\/li><li>Nombre, documento normativo relacionado, alcance y ubicaci\u00f3n geogr\u00e1fica (ciudad y pa\u00eds) de un cliente certificado espec\u00edfico.<\/li><\/ul><p>En caso de opiniones divergentes sobre los resultados o conclusiones de la auditor\u00eda, el primer paso es discutirlas y resolverlas entre el equipo de auditor\u00eda y el cliente. Sin embargo, si no se resuelve, el cliente tiene derecho a reclamar o recurrir.<\/p><h4>Reclamaciones<\/h4><p>Las reclamaciones pueden ser recibidas de clientes u otras partes interesadas y t\u00edpicamente se relacionan con la conducta del personal de Zertia o subcontratistas que realizan trabajos para o en nombre de Zertia, o pueden relacionarse con la forma en que se realizan ciertas actividades. Los clientes o usuarios de los servicios de una organizaci\u00f3n que ha sido certificada por Zertia tambi\u00e9n pueden presentar reclamaciones sobre la organizaci\u00f3n certificada.<\/p><p>Las reclamaciones pueden presentarse por los siguientes medios:<\/p><ol><li>Por correo electr\u00f3nico a <a href=\"mailto:support@zertia.ai\">support@zertia.ai<\/a><\/li><li>Verbalmente por tel\u00e9fono a un asociado de Zertia.<\/li><\/ol><p>Se investigar\u00e1n todas las reclamaciones y se tomar\u00e1n las medidas oportunas.<\/p><p>El denunciante recibir\u00e1 una resoluci\u00f3n o un informe de situaci\u00f3n en el plazo de un mes desde la presentaci\u00f3n de la denuncia, y posteriormente cada mes, hasta que se haya resuelto la denuncia.<\/p><h4>Apelaciones<\/h4><p>Un cliente de certificaci\u00f3n puede no estar de acuerdo con una decisi\u00f3n de certificaci\u00f3n o una decisi\u00f3n de suspender, retirar o reducir el alcance de la certificaci\u00f3n.<\/p><p>Zertia es responsable de todas las decisiones a todos los niveles del proceso de tramitaci\u00f3n de apelaciones.<\/p><p>Para asegurar la imparcialidad, todo el personal involucrado en el proceso de gesti\u00f3n de apelaciones es diferente de aquellos que llevaron a cabo las auditor\u00edas y tomaron la decisi\u00f3n de certificaci\u00f3n.<\/p><p>La presentaci\u00f3n, investigaci\u00f3n y decisi\u00f3n sobre las apelaciones no dar\u00e1 lugar a ninguna acci\u00f3n discriminatoria contra el apelante.<\/p><p>Las apelaciones deben presentarse por escrito por correo electr\u00f3nico a <a href=\"mailto:support@zertia.ai\">support@zertia.ai<\/a> e incluir la siguiente informaci\u00f3n:<\/p><ul><li>Cliente de la auditor\u00eda, alcance de la auditor\u00eda, fecha(s) de la auditor\u00eda, n\u00famero de referencia de la auditor\u00eda<\/li><li>Nombre, correo electr\u00f3nico y n\u00famero de tel\u00e9fono del punto de contacto<\/li><li>Motivo y justificaci\u00f3n del recurso<\/li><li>Cualquier informaci\u00f3n complementaria<\/li><\/ul><p>Las apelaciones son examinadas por un comit\u00e9 de apelaciones que tomar\u00e1 una decisi\u00f3n al respecto.<\/p><p>El apelante recibir\u00e1 un informe de situaci\u00f3n un mes despu\u00e9s de que Zertia haya recibido la apelaci\u00f3n, y posteriormente cada mes, hasta que se haya alcanzado una resoluci\u00f3n.<\/p><p>El responsable de certificaci\u00f3n de Zertia comunicar\u00e1 la resoluci\u00f3n al cliente. Todas las resoluciones son definitivas.<\/p><\/div><p><style>\n.zertia-certification-procedures {<br \/>\n  font-family: inherit;<br \/>\n  line-height: 1.7;<br \/>\n  color: inherit;<br \/>\n}<\/p>\n<p>.zertia-certification-procedures h2 {<br \/>\n  margin-bottom: 1.5em;<br \/>\n}<\/p>\n<p>.zertia-certification-procedures h3 {<br \/>\n  margin-top: 2em;<br \/>\n  margin-bottom: 1em;<br \/>\n}<\/p>\n<p>.zertia-certification-procedures h4 {<br \/>\n  margin-top: 1.5em;<br \/>\n  margin-bottom: 0.75em;<br \/>\n}<\/p>\n<p>.zertia-certification-procedures p {<br \/>\n  margin-bottom: 1em;<br \/>\n}<\/p>\n<p>.zertia-certification-procedures ol,<br \/>\n.zertia-certification-procedures ul {<br \/>\n  margin-bottom: 1.5em;<br \/>\n  padding-left: 1.5em;<br \/>\n}<\/p>\n<p>.zertia-certification-procedures li {<br \/>\n  margin-bottom: 0.75em;<br \/>\n}<\/p>\n<p>.zertia-certification-procedures hr {<br \/>\n  margin: 2em 0;<br \/>\n  border: none;<br \/>\n  border-top: 1px solid #ddd;<br \/>\n}<\/p>\n<p>.zertia-table {<br \/>\n  width: 100%;<br \/>\n  border-collapse: collapse;<br \/>\n  margin: 1.5em 0;<br \/>\n}<\/p>\n<p>.zertia-table th,<br \/>\n.zertia-table td {<br \/>\n  border: 1px solid #ddd;<br \/>\n  padding: 12px 15px;<br \/>\n  text-align: left;<br \/>\n  vertical-align: top;<br \/>\n}<\/p>\n<p>.zertia-table th {<br \/>\n  background-color: #f5f5f5;<br \/>\n  font-weight: bold;<br \/>\n}<\/p>\n<p>.zertia-table tr:nth-child(even) {<br \/>\n  background-color: #fafafa;<br \/>\n}<\/p>\n<p>.zertia-certification-procedures a {<br \/>\n  color: inherit;<br \/>\n  text-decoration: underline;<br \/>\n}<\/p>\n<p>.zertia-certification-procedures a:hover {<br \/>\n  opacity: 0.8;<br \/>\n}<br \/>\n<\/style><\/p>\t\t\t\t\t\t\t\t<\/div>\n\t\t\t\t<\/div>\n\t\t\t\t<\/div>\n\t\t\t\t\t<\/div>\n\t\t\t\t<\/div>\n\t\t\t\t<\/div>\n\t\t","protected":false},"excerpt":{"rendered":"<p>Procedimientos de certificaci\u00f3n 1. Proceso de auditor\u00eda Actividades previas a la certificaci\u00f3n: Implica el proceso de solicitud en el que Zertia recopila la informaci\u00f3n necesaria del solicitante, incluido el alcance de la certificaci\u00f3n, los detalles de la organizaci\u00f3n, los procesos subcontratados y cualquier consultor\u00eda proporcionada. Revisi\u00f3n de la solicitud: Zertia revisa la solicitud para asegurarse [&hellip;]<\/p>\n","protected":false},"author":1,"featured_media":0,"parent":0,"menu_order":0,"comment_status":"closed","ping_status":"closed","template":"","meta":{"_acf_changed":false,"content-type":"","footnotes":""},"class_list":["post-2606","page","type-page","status-publish","hentry"],"acf":[],"yoast_head":"<!-- This site is optimized with the Yoast SEO plugin v24.7 - https:\/\/yoast.com\/wordpress\/plugins\/seo\/ -->\n<title>Procedimientos de certificaci\u00f3n | Zertia<\/title>\n<meta name=\"description\" content=\"Procedimientos de certificaci\u00f3n 1. Proceso de auditor\u00edaActividades previas a la certificaci\u00f3n: Implica el proceso de solicitud en el que Zertia recopila\" \/>\n<meta name=\"robots\" content=\"noindex, follow, max-snippet:-1, max-image-preview:large, max-video-preview:-1\" \/>\n<meta property=\"og:locale\" content=\"es_ES\" \/>\n<meta property=\"og:type\" content=\"article\" \/>\n<meta property=\"og:title\" content=\"Procedimientos de certificaci\u00f3n | Zertia\" \/>\n<meta property=\"og:description\" content=\"Procedimientos de certificaci\u00f3n 1. Proceso de auditor\u00edaActividades previas a la certificaci\u00f3n: Implica el proceso de solicitud en el que Zertia recopila\" \/>\n<meta property=\"og:url\" content=\"https:\/\/zertia.ai\/es\/procedimientos-de-certificacion\/\" \/>\n<meta property=\"og:site_name\" content=\"Zertia\" \/>\n<meta property=\"article:modified_time\" content=\"2026-02-02T16:15:48+00:00\" \/>\n<meta name=\"twitter:card\" content=\"summary_large_image\" \/>\n<meta name=\"twitter:site\" content=\"@zertia_corp\" \/>\n<meta name=\"twitter:label1\" content=\"Tiempo de lectura\" \/>\n\t<meta name=\"twitter:data1\" content=\"9 minutos\" \/>\n<script type=\"application\/ld+json\" class=\"yoast-schema-graph\">{\"@context\":\"https:\/\/schema.org\",\"@graph\":[{\"@type\":\"WebPage\",\"@id\":\"https:\/\/zertia.ai\/es\/procedimientos-de-certificacion\/\",\"url\":\"https:\/\/zertia.ai\/es\/procedimientos-de-certificacion\/\",\"name\":\"Procedimientos de certificaci\u00f3n | Zertia\",\"isPartOf\":{\"@id\":\"https:\/\/zertia.ai\/es\/#website\"},\"datePublished\":\"2024-09-23T09:36:49+00:00\",\"dateModified\":\"2026-02-02T16:15:48+00:00\",\"description\":\"Procedimientos de certificaci\u00f3n 1. Proceso de auditor\u00edaActividades previas a la certificaci\u00f3n: Implica el proceso de solicitud en el que Zertia recopila\",\"breadcrumb\":{\"@id\":\"https:\/\/zertia.ai\/es\/procedimientos-de-certificacion\/#breadcrumb\"},\"inLanguage\":\"es\",\"potentialAction\":[{\"@type\":\"ReadAction\",\"target\":[\"https:\/\/zertia.ai\/es\/procedimientos-de-certificacion\/\"]}]},{\"@type\":\"BreadcrumbList\",\"@id\":\"https:\/\/zertia.ai\/es\/procedimientos-de-certificacion\/#breadcrumb\",\"itemListElement\":[{\"@type\":\"ListItem\",\"position\":1,\"name\":\"Home\",\"item\":\"https:\/\/zertia.ai\/es\/inicio\/\"},{\"@type\":\"ListItem\",\"position\":2,\"name\":\"Procedimientos de certificaci\u00f3n\"}]},{\"@type\":\"WebSite\",\"@id\":\"https:\/\/zertia.ai\/es\/#website\",\"url\":\"https:\/\/zertia.ai\/es\/\",\"name\":\"Zertia\",\"description\":\"Learn AI like never before\",\"publisher\":{\"@id\":\"https:\/\/zertia.ai\/es\/#organization\"},\"potentialAction\":[{\"@type\":\"SearchAction\",\"target\":{\"@type\":\"EntryPoint\",\"urlTemplate\":\"https:\/\/zertia.ai\/es\/?s={search_term_string}\"},\"query-input\":{\"@type\":\"PropertyValueSpecification\",\"valueRequired\":true,\"valueName\":\"search_term_string\"}}],\"inLanguage\":\"es\"},{\"@type\":\"Organization\",\"@id\":\"https:\/\/zertia.ai\/es\/#organization\",\"name\":\"Zertia\",\"url\":\"https:\/\/zertia.ai\/es\/\",\"logo\":{\"@type\":\"ImageObject\",\"inLanguage\":\"es\",\"@id\":\"https:\/\/zertia.ai\/es\/#\/schema\/logo\/image\/\",\"url\":\"https:\/\/zertia.ai\/wp-content\/uploads\/NEW-LOGO-ZERTIA-1.png\",\"contentUrl\":\"https:\/\/zertia.ai\/wp-content\/uploads\/NEW-LOGO-ZERTIA-1.png\",\"width\":734,\"height\":160,\"caption\":\"Zertia\"},\"image\":{\"@id\":\"https:\/\/zertia.ai\/es\/#\/schema\/logo\/image\/\"},\"sameAs\":[\"https:\/\/x.com\/zertia_corp\",\"https:\/\/www.linkedin.com\/company\/zertia-ai\/\"]}]}<\/script>\n<!-- \/ Yoast SEO plugin. -->","yoast_head_json":{"title":"Procedimientos de certificaci\u00f3n | Zertia","description":"Procedimientos de certificaci\u00f3n 1. Proceso de auditor\u00edaActividades previas a la certificaci\u00f3n: Implica el proceso de solicitud en el que Zertia recopila","robots":{"index":"noindex","follow":"follow","max-snippet":"max-snippet:-1","max-image-preview":"max-image-preview:large","max-video-preview":"max-video-preview:-1"},"og_locale":"es_ES","og_type":"article","og_title":"Procedimientos de certificaci\u00f3n | Zertia","og_description":"Procedimientos de certificaci\u00f3n 1. Proceso de auditor\u00edaActividades previas a la certificaci\u00f3n: Implica el proceso de solicitud en el que Zertia recopila","og_url":"https:\/\/zertia.ai\/es\/procedimientos-de-certificacion\/","og_site_name":"Zertia","article_modified_time":"2026-02-02T16:15:48+00:00","twitter_card":"summary_large_image","twitter_site":"@zertia_corp","twitter_misc":{"Tiempo de lectura":"9 minutos"},"schema":{"@context":"https:\/\/schema.org","@graph":[{"@type":"WebPage","@id":"https:\/\/zertia.ai\/es\/procedimientos-de-certificacion\/","url":"https:\/\/zertia.ai\/es\/procedimientos-de-certificacion\/","name":"Procedimientos de certificaci\u00f3n | Zertia","isPartOf":{"@id":"https:\/\/zertia.ai\/es\/#website"},"datePublished":"2024-09-23T09:36:49+00:00","dateModified":"2026-02-02T16:15:48+00:00","description":"Procedimientos de certificaci\u00f3n 1. Proceso de auditor\u00edaActividades previas a la certificaci\u00f3n: Implica el proceso de solicitud en el que Zertia recopila","breadcrumb":{"@id":"https:\/\/zertia.ai\/es\/procedimientos-de-certificacion\/#breadcrumb"},"inLanguage":"es","potentialAction":[{"@type":"ReadAction","target":["https:\/\/zertia.ai\/es\/procedimientos-de-certificacion\/"]}]},{"@type":"BreadcrumbList","@id":"https:\/\/zertia.ai\/es\/procedimientos-de-certificacion\/#breadcrumb","itemListElement":[{"@type":"ListItem","position":1,"name":"Home","item":"https:\/\/zertia.ai\/es\/inicio\/"},{"@type":"ListItem","position":2,"name":"Procedimientos de certificaci\u00f3n"}]},{"@type":"WebSite","@id":"https:\/\/zertia.ai\/es\/#website","url":"https:\/\/zertia.ai\/es\/","name":"Zertia","description":"Learn AI like never before","publisher":{"@id":"https:\/\/zertia.ai\/es\/#organization"},"potentialAction":[{"@type":"SearchAction","target":{"@type":"EntryPoint","urlTemplate":"https:\/\/zertia.ai\/es\/?s={search_term_string}"},"query-input":{"@type":"PropertyValueSpecification","valueRequired":true,"valueName":"search_term_string"}}],"inLanguage":"es"},{"@type":"Organization","@id":"https:\/\/zertia.ai\/es\/#organization","name":"Zertia","url":"https:\/\/zertia.ai\/es\/","logo":{"@type":"ImageObject","inLanguage":"es","@id":"https:\/\/zertia.ai\/es\/#\/schema\/logo\/image\/","url":"https:\/\/zertia.ai\/wp-content\/uploads\/NEW-LOGO-ZERTIA-1.png","contentUrl":"https:\/\/zertia.ai\/wp-content\/uploads\/NEW-LOGO-ZERTIA-1.png","width":734,"height":160,"caption":"Zertia"},"image":{"@id":"https:\/\/zertia.ai\/es\/#\/schema\/logo\/image\/"},"sameAs":["https:\/\/x.com\/zertia_corp","https:\/\/www.linkedin.com\/company\/zertia-ai\/"]}]}},"_links":{"self":[{"href":"https:\/\/zertia.ai\/es\/wp-json\/wp\/v2\/pages\/2606","targetHints":{"allow":["GET"]}}],"collection":[{"href":"https:\/\/zertia.ai\/es\/wp-json\/wp\/v2\/pages"}],"about":[{"href":"https:\/\/zertia.ai\/es\/wp-json\/wp\/v2\/types\/page"}],"author":[{"embeddable":true,"href":"https:\/\/zertia.ai\/es\/wp-json\/wp\/v2\/users\/1"}],"replies":[{"embeddable":true,"href":"https:\/\/zertia.ai\/es\/wp-json\/wp\/v2\/comments?post=2606"}],"version-history":[{"count":3,"href":"https:\/\/zertia.ai\/es\/wp-json\/wp\/v2\/pages\/2606\/revisions"}],"predecessor-version":[{"id":8534,"href":"https:\/\/zertia.ai\/es\/wp-json\/wp\/v2\/pages\/2606\/revisions\/8534"}],"wp:attachment":[{"href":"https:\/\/zertia.ai\/es\/wp-json\/wp\/v2\/media?parent=2606"}],"curies":[{"name":"wp","href":"https:\/\/api.w.org\/{rel}","templated":true}]}}