{"id":2608,"date":"2024-09-20T09:46:35","date_gmt":"2024-09-20T07:46:35","guid":{"rendered":"https:\/\/staging-7.zertia.ai\/aviso-legal\/"},"modified":"2024-10-16T16:56:42","modified_gmt":"2024-10-16T14:56:42","slug":"aviso-legal","status":"publish","type":"page","link":"https:\/\/zertia.ai\/es\/aviso-legal\/","title":{"rendered":"Aviso legal"},"content":{"rendered":"\t\t<div data-elementor-type=\"wp-page\" data-elementor-id=\"2608\" class=\"elementor elementor-2608 elementor-923\" data-elementor-post-type=\"page\">\n\t\t\t\t<div class=\"has_ae_slider elementor-element elementor-element-7a007d3 e-flex e-con-boxed ae-bg-gallery-type-default e-con e-parent\" data-id=\"7a007d3\" data-element_type=\"container\">\n\t\t\t\t\t<div class=\"e-con-inner\">\n\t\t<div class=\"has_ae_slider elementor-element elementor-element-cd47009 e-con-full e-flex ae-bg-gallery-type-default e-con e-child\" data-id=\"cd47009\" data-element_type=\"container\" data-settings=\"{&quot;background_background&quot;:&quot;classic&quot;}\">\n\t\t\t\t<div class=\"elementor-element elementor-element-0a921f7 elementor-widget elementor-widget-heading\" data-id=\"0a921f7\" data-element_type=\"widget\" data-widget_type=\"heading.default\">\n\t\t\t\t<div class=\"elementor-widget-container\">\n\t\t\t\t\t<h1 class=\"elementor-heading-title elementor-size-default\"><span class=\"gradient-text-inner\">Aviso legal<\/span><\/h1>\t\t\t\t<\/div>\n\t\t\t\t<\/div>\n\t\t\t\t<div class=\"elementor-element elementor-element-07b8278 elementor-widget elementor-widget-text-editor\" data-id=\"07b8278\" data-element_type=\"widget\" data-widget_type=\"text-editor.default\">\n\t\t\t\t<div class=\"elementor-widget-container\">\n\t\t\t\t\t\t\t\t\t<p><strong>1. IDENTIFICACI\u00d3N DEL TITULAR<\/strong><\/p>\n<p>El presente sitio web www.zertia.ai (en adelante, el \u00abSitio Web\u00bb) es propiedad de ZERTIA CORP, S.L., con NIF: ESB56610215 e inscrita en el Registro Mercantil de Madrid con los siguientes datos registrales: Tomo 45957 , Folio 170, Secci\u00f3n 1\u00aa, Hoja M-807602 , cuyos datos de contacto son:<\/p>\n<p><strong>EE.UU.<\/strong><br \/><strong>Sede legal<\/strong><br \/>1101 Brickell Ave, Suite N1400<br \/>33131 Miami &#8211; Florida, EE.UU.<\/p>\n<p><strong>Europa<\/strong><br \/><strong>Comercial y operaciones<\/strong><br \/>V\u00eda de las Dos Castillas, 33 Edificio \u00c1tica 7, Planta 3 <br \/>28224 Pozuelo de Alarc\u00f3n<br \/>Madrid, Espa\u00f1a<\/p>\n<p><strong>Correo electr\u00f3nico de contacto: hello@zertia.ai<\/strong><\/p>\n<\/p>\n<p><strong>2. \u00c1MBITO DE APLICACI\u00d3N<\/strong><br \/>Las presentes Condiciones Generales de Uso del Sitio Web (en adelante, las \u00abCondiciones de Uso \u00bb) establecen los t\u00e9rminos y condiciones que regulan el acceso, navegaci\u00f3n y uso del Sitio Web.<br \/>En este sentido, el acceso, uso y navegaci\u00f3n por el Sitio Web atribuye la condici\u00f3n de usuario(s) (en adelante, el \u00ab<strong>Usuario<\/strong>\u00bb o los \u00ab<strong>Usuarios<\/strong>\u00bb), e implica la aceptaci\u00f3n de todas y cada una de las presentes Condiciones de Uso. El Usuario es plenamente consciente de que la mera navegaci\u00f3n por este Sitio Web implica la aceptaci\u00f3n de las presentes Condiciones de Uso y, por tanto, si no est\u00e1 de acuerdo con las mismas, deber\u00e1 abstenerse de utilizar este Sitio Web. <\/p>\n<p>El Sitio Web est\u00e1 destinado principalmente a Usuarios residentes en todo el mundo. ZERTIA no asegura que el Sitio Web cumpla con las leyes de otros pa\u00edses, ya sea en su totalidad o en parte. Si el Usuario reside o est\u00e1 domiciliado en otro lugar y decide acceder y\/o navegar por el Sitio Web lo har\u00e1 bajo su propia responsabilidad, debiendo asegurarse de que dicho acceso y navegaci\u00f3n cumple con la legislaci\u00f3n local que le es de aplicaci\u00f3n, no asumiendo ZERTIA ninguna responsabilidad que pudiera derivarse de dicho acceso.<br \/>ZERTIA podr\u00e1, en todo momento y sin previo aviso, modificar las presentes Condiciones de Uso, las cuales ser\u00e1n publicadas conforme vayan siendo modificadas.  <\/p>\n<\/p>\n<p><strong>3. CONDICIONES DE ACCESO Y UTILIZACI\u00d3N<\/strong><\/p>\n<p>El acceso al Sitio Web por parte del Usuario, con car\u00e1cter general, tiene car\u00e1cter libre y gratuito. En el caso de que existan funcionalidades o servicios reservados a determinados Usuarios (por ejemplo, porque sea necesario superar un proceso de registro) o al pago de un precio, \u00e9stos estar\u00e1n debidamente identificados en el Sitio Web. <\/p>\n<p>Usted debe ser mayor de edad y tener capacidad jur\u00eddica suficiente para quedar vinculado por las presentes Condiciones Generales. Por lo tanto, este Sitio Web de ZERTIA no est\u00e1 destinado a menores de edad. ZERTIA declina cualquier responsabilidad por el incumplimiento de este requisito.<br \/>El acceso a este Sitio Web se realiza bajo la propia y exclusiva responsabilidad del Usuario y no supone entablar ning\u00fan tipo de relaci\u00f3n de car\u00e1cter comercial entre ZERTIA y el Usuario. Corresponde al Usuario, en todo caso, la valoraci\u00f3n de la informaci\u00f3n y contenidos incluidos en el Sitio Web respecto a sus necesidades espec\u00edficas.   <\/p>\n<p>El Usuario se compromete a:<\/p>\n<ul>\n<li>Acceder y utilizar el Sitio Web de buena fe y de conformidad con las presentes Condiciones de Uso, la Ley, la moral y el orden p\u00fablico.<\/li>\n<li>Facilitar informaci\u00f3n veraz, actual y l\u00edcita en los formularios ofrecidos en el Sitio Web. En todo caso, el Usuario notificar\u00e1 de forma inmediata a ZERTIA acerca de cualquier hecho que permita el uso indebido de la informaci\u00f3n registrada en dichos formularios, tales como, pero no s\u00f3lo, el robo, extrav\u00edo, o el acceso no autorizado a identificadores y\/o contrase\u00f1as, con el fin de proceder a su inmediata cancelaci\u00f3n. <\/li>\n<li>No realizar a trav\u00e9s del Sitio Web ninguna acci\u00f3n que cause da\u00f1o o alteraciones de los contenidos, programas o sistemas del Sitio Web, incluyendo la introducci\u00f3n de virus inform\u00e1ticos, la instalaci\u00f3n de robots, o cualquier software o archivo da\u00f1ino, defectuoso, o en definitiva que pueda causar da\u00f1os a nuestros sistemas inform\u00e1ticos.<\/li>\n<\/ul>\n<p>El Usuario responder\u00e1 en cualquier caso de los da\u00f1os y perjuicios que pueda causar a ZERTIA y a terceros, pudiendo ZERTIA adoptar las medidas t\u00e9cnicas, legales o de cualquier otra \u00edndole que estime oportunas para prevenir, paliar o detener las consecuencias de las conductas prohibidas anteriormente expuestas y exigir cuantas responsabilidades estime oportunas.<\/p>\n<\/p>\n<p><strong>4. PROPIEDAD INTELECTUAL E INDUSTRIAL<\/strong><\/p>\n<p>Todos los contenidos del Sitio Web, entendiendo por estos, a t\u00edtulo meramente enunciativo, los textos, im\u00e1genes, fotograf\u00edas, v\u00eddeos, gr\u00e1ficos, signos distintivos de cualquier clase, iconos, interfaces, as\u00ed como el software, c\u00f3digo fuente, dise\u00f1os, arquitectura, presentaci\u00f3n, ordenaci\u00f3n y clasificaci\u00f3n de los contenidos y cualesquiera otros elementos presentes en el Sitio Web susceptibles de propiedad intelectual e industrial son propiedad exclusiva de ZERTIA o de terceros que han licenciado, autorizado o consentido su uso en este Sitio Web.<\/p>\n<p>En este sentido, cuando el Usuario acceda, navegue y utilice este Sitio Web, no le confiere ning\u00fan derecho de explotaci\u00f3n que exista o pueda existir sobre todo o parte del mismo, reserv\u00e1ndose ZERTIA todos estos derechos. El Usuario \u00fanicamente podr\u00e1 visualizar los elementos del Sitio Web y utilizarlos en la medida estrictamente necesaria para el correcto uso del Sitio Web. En particular, queda prohibida la utilizaci\u00f3n o reventa con fines comerciales de cualquier material o contenido presente en el Sitio Web sin autorizaci\u00f3n previa de ZERTIA.  <\/p>\n<p>ZERTIA se reserva la facultad de modificar, en cualquier momento, y sin aviso previo, la presentaci\u00f3n y configuraci\u00f3n del Sitio Web y de los contenidos y servicios que en \u00e9l pudieran estar incorporados. El Usuario reconoce y acepta que en cualquier momento ZERTIA pueda interrumpir, desactivar y\/o cancelar cualquiera de estos elementos que se integran en el Sitio Web o el acceso a los mismos. <\/p>\n<p>Si el Usuario considera que cualquiera de los contenidos del Sitio Web supone una violaci\u00f3n de los derechos de protecci\u00f3n de la propiedad intelectual, deber\u00e1 notificarlo inmediatamente a ZERTIA a trav\u00e9s de los datos de contacto que figuran en el apartado 1 (Identificaci\u00f3n del Titular) de las presentes Condiciones de Uso.<\/p>\n<\/p>\n<p><strong>5. EXCLUSI\u00d3N DE GARANT\u00cdAS Y RESPONSABILIDAD<\/strong><\/p>\n<p>La informaci\u00f3n publicada en el Sitio Web puede no ser exhaustiva ni estar totalmente actualizada, por lo que ZERTIA no asume ninguna responsabilidad derivada de la falta de exhaustividad, actualizaci\u00f3n y precisi\u00f3n de los datos e informaciones que se contienen en las distintas p\u00e1ginas que forman parte del Sitio Web.<\/p>\n<p>ZERTIA no garantiza que el acceso a este Sitio Web sea ininterrumpido o libre de error. Asimismo, ZERTIA no garantiza que el contenido o software presente en el Sitio Web no provoque da\u00f1os en el sistema inform\u00e1tico (software y hardware) del Usuario. ZERTIA no se hace responsable por las p\u00e9rdidas, da\u00f1os o perjuicios de cualquier tipo que surjan por el acceso, navegaci\u00f3n y el uso de la P\u00e1gina Web, incluy\u00e9ndose pero no limit\u00e1ndose, a los ocasionados a los sistemas inform\u00e1ticos o los provocados por la introducci\u00f3n de virus.  <\/p>\n<p>Asimismo, ZERTIA queda exonerada de cualquier responsabilidad que pudiera derivarse de la utilizaci\u00f3n indebida de este Sitio Web por parte del Usuario.<\/p>\n<\/p>\n<p><strong>6. ENLACES<\/strong><\/p>\n<p>Se informa que el Sitio Web puede contener, entre otros, enlaces, banners, botones, directorios y motores de b\u00fasqueda que permiten a los Usuarios acceder a sitios web pertenecientes y\/o gestionados por terceros y, por tanto, fuera del control de ZERTIA, quien no puede asumir responsabilidades por el contenido que aparezca en dichas p\u00e1ginas.<\/p>\n<p>Si considera que dicho contenido es inapropiado o contrario a los fines de ZERTIA, le rogamos que nos lo comunique poni\u00e9ndose en contacto con nosotros a trav\u00e9s de los medios descritos anteriormente, para que podamos tomar las medidas oportunas.<\/p>\n<\/p>\n<p><strong>7. LEY APLICABLE Y JURISDICCI\u00d3N<\/strong><\/p>\n<p>Estas Condiciones de Uso y su ejecuci\u00f3n est\u00e1n sujetas a la legislaci\u00f3n espa\u00f1ola.<\/p>\n<p>Si surgiera alguna controversia sobre la interpretaci\u00f3n o aplicaci\u00f3n de las presentes Condiciones de Uso, las partes negociar\u00e1n de buena fe para intentar resolver dicha controversia o reclamaci\u00f3n. No obstante, en caso de que la controversia o reclamaci\u00f3n no se resuelva, las Partes se someter\u00e1n a los juzgados o tribunales competentes de conformidad con la ley. <\/p>\n<p>\u00daltima modificaci\u00f3n: 9 de septiembre de 2024.<\/p>\n\t\t\t\t\t\t\t\t<\/div>\n\t\t\t\t<\/div>\n\t\t\t\t<\/div>\n\t\t\t\t\t<\/div>\n\t\t\t\t<\/div>\n\t\t\t\t<\/div>\n\t\t","protected":false},"excerpt":{"rendered":"<p>Aviso legal 1. IDENTIFICACI\u00d3N DEL TITULAR El presente sitio web www.zertia.ai (en adelante, el \u00abSitio Web\u00bb) es propiedad de ZERTIA CORP, S.L., con NIF: ESB56610215 e inscrita en el Registro Mercantil de Madrid con los siguientes datos registrales: Tomo 45957 , Folio 170, Secci\u00f3n 1\u00aa, Hoja M-807602 , cuyos datos de contacto son: EE.UU.Sede legal1101 [&hellip;]<\/p>\n","protected":false},"author":1,"featured_media":0,"parent":0,"menu_order":0,"comment_status":"closed","ping_status":"closed","template":"","meta":{"_acf_changed":false,"content-type":"","footnotes":""},"class_list":["post-2608","page","type-page","status-publish","hentry"],"acf":[],"yoast_head":"<!-- This site is optimized with the Yoast SEO plugin v24.7 - https:\/\/yoast.com\/wordpress\/plugins\/seo\/ -->\n<title>Aviso legal | Zertia<\/title>\n<meta name=\"description\" content=\"Aviso legal 1. IDENTIFICACI\u00d3N DEL TITULAR El presente sitio web www.zertia.ai (en adelante, el \u00abSitio Web\u00bb) es propiedad de ZERTIA CORP, S.L., con NIF:\" \/>\n<meta name=\"robots\" content=\"noindex, follow, max-snippet:-1, max-image-preview:large, max-video-preview:-1\" \/>\n<meta property=\"og:locale\" content=\"es_ES\" \/>\n<meta property=\"og:type\" content=\"article\" \/>\n<meta property=\"og:title\" content=\"Aviso legal | Zertia\" \/>\n<meta property=\"og:description\" content=\"Aviso legal 1. IDENTIFICACI\u00d3N DEL TITULAR El presente sitio web www.zertia.ai (en adelante, el \u00abSitio Web\u00bb) es propiedad de ZERTIA CORP, S.L., con NIF:\" \/>\n<meta property=\"og:url\" content=\"https:\/\/zertia.ai\/es\/aviso-legal\/\" \/>\n<meta property=\"og:site_name\" content=\"Zertia\" \/>\n<meta property=\"article:modified_time\" content=\"2024-10-16T14:56:42+00:00\" \/>\n<meta name=\"twitter:card\" content=\"summary_large_image\" \/>\n<meta name=\"twitter:site\" content=\"@zertia_corp\" \/>\n<meta name=\"twitter:label1\" content=\"Tiempo de lectura\" \/>\n\t<meta name=\"twitter:data1\" content=\"7 minutos\" \/>\n<script type=\"application\/ld+json\" class=\"yoast-schema-graph\">{\"@context\":\"https:\/\/schema.org\",\"@graph\":[{\"@type\":\"WebPage\",\"@id\":\"https:\/\/zertia.ai\/es\/aviso-legal\/\",\"url\":\"https:\/\/zertia.ai\/es\/aviso-legal\/\",\"name\":\"Aviso legal | Zertia\",\"isPartOf\":{\"@id\":\"https:\/\/zertia.ai\/es\/#website\"},\"datePublished\":\"2024-09-20T07:46:35+00:00\",\"dateModified\":\"2024-10-16T14:56:42+00:00\",\"description\":\"Aviso legal 1. IDENTIFICACI\u00d3N DEL TITULAR El presente sitio web www.zertia.ai (en adelante, el \u00abSitio Web\u00bb) es propiedad de ZERTIA CORP, S.L., con NIF:\",\"breadcrumb\":{\"@id\":\"https:\/\/zertia.ai\/es\/aviso-legal\/#breadcrumb\"},\"inLanguage\":\"es\",\"potentialAction\":[{\"@type\":\"ReadAction\",\"target\":[\"https:\/\/zertia.ai\/es\/aviso-legal\/\"]}]},{\"@type\":\"BreadcrumbList\",\"@id\":\"https:\/\/zertia.ai\/es\/aviso-legal\/#breadcrumb\",\"itemListElement\":[{\"@type\":\"ListItem\",\"position\":1,\"name\":\"Home\",\"item\":\"https:\/\/zertia.ai\/es\/inicio\/\"},{\"@type\":\"ListItem\",\"position\":2,\"name\":\"Aviso legal\"}]},{\"@type\":\"WebSite\",\"@id\":\"https:\/\/zertia.ai\/es\/#website\",\"url\":\"https:\/\/zertia.ai\/es\/\",\"name\":\"Zertia\",\"description\":\"Learn AI like never before\",\"publisher\":{\"@id\":\"https:\/\/zertia.ai\/es\/#organization\"},\"potentialAction\":[{\"@type\":\"SearchAction\",\"target\":{\"@type\":\"EntryPoint\",\"urlTemplate\":\"https:\/\/zertia.ai\/es\/?s={search_term_string}\"},\"query-input\":{\"@type\":\"PropertyValueSpecification\",\"valueRequired\":true,\"valueName\":\"search_term_string\"}}],\"inLanguage\":\"es\"},{\"@type\":\"Organization\",\"@id\":\"https:\/\/zertia.ai\/es\/#organization\",\"name\":\"Zertia\",\"url\":\"https:\/\/zertia.ai\/es\/\",\"logo\":{\"@type\":\"ImageObject\",\"inLanguage\":\"es\",\"@id\":\"https:\/\/zertia.ai\/es\/#\/schema\/logo\/image\/\",\"url\":\"https:\/\/zertia.ai\/wp-content\/uploads\/NEW-LOGO-ZERTIA-1.png\",\"contentUrl\":\"https:\/\/zertia.ai\/wp-content\/uploads\/NEW-LOGO-ZERTIA-1.png\",\"width\":734,\"height\":160,\"caption\":\"Zertia\"},\"image\":{\"@id\":\"https:\/\/zertia.ai\/es\/#\/schema\/logo\/image\/\"},\"sameAs\":[\"https:\/\/x.com\/zertia_corp\",\"https:\/\/www.linkedin.com\/company\/zertia-ai\/\"]}]}<\/script>\n<!-- \/ Yoast SEO plugin. -->","yoast_head_json":{"title":"Aviso legal | Zertia","description":"Aviso legal 1. IDENTIFICACI\u00d3N DEL TITULAR El presente sitio web www.zertia.ai (en adelante, el \u00abSitio Web\u00bb) es propiedad de ZERTIA CORP, S.L., con NIF:","robots":{"index":"noindex","follow":"follow","max-snippet":"max-snippet:-1","max-image-preview":"max-image-preview:large","max-video-preview":"max-video-preview:-1"},"og_locale":"es_ES","og_type":"article","og_title":"Aviso legal | Zertia","og_description":"Aviso legal 1. IDENTIFICACI\u00d3N DEL TITULAR El presente sitio web www.zertia.ai (en adelante, el \u00abSitio Web\u00bb) es propiedad de ZERTIA CORP, S.L., con NIF:","og_url":"https:\/\/zertia.ai\/es\/aviso-legal\/","og_site_name":"Zertia","article_modified_time":"2024-10-16T14:56:42+00:00","twitter_card":"summary_large_image","twitter_site":"@zertia_corp","twitter_misc":{"Tiempo de lectura":"7 minutos"},"schema":{"@context":"https:\/\/schema.org","@graph":[{"@type":"WebPage","@id":"https:\/\/zertia.ai\/es\/aviso-legal\/","url":"https:\/\/zertia.ai\/es\/aviso-legal\/","name":"Aviso legal | Zertia","isPartOf":{"@id":"https:\/\/zertia.ai\/es\/#website"},"datePublished":"2024-09-20T07:46:35+00:00","dateModified":"2024-10-16T14:56:42+00:00","description":"Aviso legal 1. IDENTIFICACI\u00d3N DEL TITULAR El presente sitio web www.zertia.ai (en adelante, el \u00abSitio Web\u00bb) es propiedad de ZERTIA CORP, S.L., con NIF:","breadcrumb":{"@id":"https:\/\/zertia.ai\/es\/aviso-legal\/#breadcrumb"},"inLanguage":"es","potentialAction":[{"@type":"ReadAction","target":["https:\/\/zertia.ai\/es\/aviso-legal\/"]}]},{"@type":"BreadcrumbList","@id":"https:\/\/zertia.ai\/es\/aviso-legal\/#breadcrumb","itemListElement":[{"@type":"ListItem","position":1,"name":"Home","item":"https:\/\/zertia.ai\/es\/inicio\/"},{"@type":"ListItem","position":2,"name":"Aviso legal"}]},{"@type":"WebSite","@id":"https:\/\/zertia.ai\/es\/#website","url":"https:\/\/zertia.ai\/es\/","name":"Zertia","description":"Learn AI like never before","publisher":{"@id":"https:\/\/zertia.ai\/es\/#organization"},"potentialAction":[{"@type":"SearchAction","target":{"@type":"EntryPoint","urlTemplate":"https:\/\/zertia.ai\/es\/?s={search_term_string}"},"query-input":{"@type":"PropertyValueSpecification","valueRequired":true,"valueName":"search_term_string"}}],"inLanguage":"es"},{"@type":"Organization","@id":"https:\/\/zertia.ai\/es\/#organization","name":"Zertia","url":"https:\/\/zertia.ai\/es\/","logo":{"@type":"ImageObject","inLanguage":"es","@id":"https:\/\/zertia.ai\/es\/#\/schema\/logo\/image\/","url":"https:\/\/zertia.ai\/wp-content\/uploads\/NEW-LOGO-ZERTIA-1.png","contentUrl":"https:\/\/zertia.ai\/wp-content\/uploads\/NEW-LOGO-ZERTIA-1.png","width":734,"height":160,"caption":"Zertia"},"image":{"@id":"https:\/\/zertia.ai\/es\/#\/schema\/logo\/image\/"},"sameAs":["https:\/\/x.com\/zertia_corp","https:\/\/www.linkedin.com\/company\/zertia-ai\/"]}]}},"_links":{"self":[{"href":"https:\/\/zertia.ai\/es\/wp-json\/wp\/v2\/pages\/2608","targetHints":{"allow":["GET"]}}],"collection":[{"href":"https:\/\/zertia.ai\/es\/wp-json\/wp\/v2\/pages"}],"about":[{"href":"https:\/\/zertia.ai\/es\/wp-json\/wp\/v2\/types\/page"}],"author":[{"embeddable":true,"href":"https:\/\/zertia.ai\/es\/wp-json\/wp\/v2\/users\/1"}],"replies":[{"embeddable":true,"href":"https:\/\/zertia.ai\/es\/wp-json\/wp\/v2\/comments?post=2608"}],"version-history":[{"count":0,"href":"https:\/\/zertia.ai\/es\/wp-json\/wp\/v2\/pages\/2608\/revisions"}],"wp:attachment":[{"href":"https:\/\/zertia.ai\/es\/wp-json\/wp\/v2\/media?parent=2608"}],"curies":[{"name":"wp","href":"https:\/\/api.w.org\/{rel}","templated":true}]}}