{"id":2610,"date":"2024-09-20T09:25:45","date_gmt":"2024-09-20T07:25:45","guid":{"rendered":"https:\/\/staging-7.zertia.ai\/politica-de-cookies\/"},"modified":"2024-10-16T16:56:42","modified_gmt":"2024-10-16T14:56:42","slug":"politica-de-cookies","status":"publish","type":"page","link":"https:\/\/zertia.ai\/es\/politica-de-cookies\/","title":{"rendered":"Pol\u00edtica de cookies"},"content":{"rendered":"\t\t<div data-elementor-type=\"wp-page\" data-elementor-id=\"2610\" class=\"elementor elementor-2610 elementor-900\" data-elementor-post-type=\"page\">\n\t\t\t\t<div class=\"has_ae_slider elementor-element elementor-element-ef94675 e-flex e-con-boxed ae-bg-gallery-type-default e-con e-parent\" data-id=\"ef94675\" data-element_type=\"container\">\n\t\t\t\t\t<div class=\"e-con-inner\">\n\t\t<div class=\"has_ae_slider elementor-element elementor-element-e9612a2 e-con-full e-flex ae-bg-gallery-type-default e-con e-child\" data-id=\"e9612a2\" data-element_type=\"container\" data-settings=\"{&quot;background_background&quot;:&quot;classic&quot;}\">\n\t\t\t\t<div class=\"elementor-element elementor-element-f922b9f elementor-widget elementor-widget-heading\" data-id=\"f922b9f\" data-element_type=\"widget\" data-widget_type=\"heading.default\">\n\t\t\t\t<div class=\"elementor-widget-container\">\n\t\t\t\t\t<h1 class=\"elementor-heading-title elementor-size-default\"><span class=\"gradient-text-inner\">Pol\u00edtica de cookies<\/span><\/h1>\t\t\t\t<\/div>\n\t\t\t\t<\/div>\n\t\t\t\t<div class=\"elementor-element elementor-element-306f784 elementor-widget elementor-widget-text-editor\" data-id=\"306f784\" data-element_type=\"widget\" data-widget_type=\"text-editor.default\">\n\t\t\t\t<div class=\"elementor-widget-container\">\n\t\t\t\t\t\t\t\t\t<p>En este sitio web, www.zertia.ai (el \u00absitio web\u00bb) utilizamos cookies u otras herramientas de seguimiento y localizaci\u00f3n para recopilar informaci\u00f3n sobre c\u00f3mo utilizan el sitio web los usuarios.<\/p>\n<\/p>\n<p><strong>1. \u00bfQU\u00c9 ES UNA COOKIE?<\/strong><\/p>\n<p>Una cookie es un fichero que se instala en el navegador de su dispositivo (ordenador, m\u00f3vil, etc.) con la finalidad de almacenar y recuperar datos. Las cookies pueden tener multitud de finalidades, dependiendo de para qu\u00e9 se hayan configurado: por ejemplo, guardar preferencias (como idioma, moneda o pa\u00eds), recopilar estad\u00edsticas de uso (como medici\u00f3n de audiencia\/tr\u00e1fico), permitir funcionalidades t\u00e9cnicas (como reproducir contenidos audiovisuales o recordar productos a\u00f1adidos a \u00abla cesta\u00bb), analizar el comportamiento o navegaci\u00f3n del usuario en el Sitio Web, entre otras. <\/p>\n<\/p>\n<p><strong>2. \u00bfQUI\u00c9N ES RESPONSABLE?<\/strong><br \/>El responsable del tratamiento de la informaci\u00f3n recabada a trav\u00e9s de las cookies es ZERTIA CORP, S.L. (ZERTIA), con CIF B56610215.<\/p>\n<p><strong>EE.UU.<\/strong><br \/><strong>Sede legal<\/strong><br \/>1101 Brickell Ave, Suite N1400<br \/>33131 Miami &#8211; Florida, EE.UU.<\/p>\n<p><strong>Europa<\/strong><br \/><strong>Comercial y operaciones<\/strong><br \/>V\u00eda de las Dos Castillas, 33 Edificio \u00c1tica 7, Planta 3<br \/>28224 Pozuelo de Alarc\u00f3n<br \/>Madrid, Espa\u00f1a<\/p>\n<p>Si tiene alguna pregunta sobre el uso de cookies, escriba un correo electr\u00f3nico a hello@zertia.ai y le responderemos lo antes posible.<\/p>\n<\/p>\n<p><strong>3. \u00bfQU\u00c9 DATOS SE RECOGEN A TRAV\u00c9S DE LAS COOKIES?<\/strong><\/p>\n<p>Cuando accede al sitio web, aunque no se haya registrado, se puede recopilar la siguiente informaci\u00f3n a trav\u00e9s de cookies:<\/p>\n<ul>\n<li>Informaci\u00f3n del dispositivo: Durante el uso del Sitio Web, recopilamos informaci\u00f3n sobre el dispositivo m\u00f3vil desde el que accede al Sitio Web. La informaci\u00f3n que recopilamos es el modelo de dispositivo, el sistema operativo y la versi\u00f3n, el identificador \u00fanico del dispositivo y la red. <\/li>\n<li>Informaci\u00f3n sobre su ubicaci\u00f3n: Tambi\u00e9n obtenemos su direcci\u00f3n IP, zona horaria y proveedor de servicios m\u00f3viles, en su caso, lo que nos permite obtener una ubicaci\u00f3n general.<\/li>\n<li>Informaci\u00f3n sobre la navegaci\u00f3n del usuario: Recopilamos informaci\u00f3n sobre su uso del Sitio Web. En concreto, la frecuencia de uso, las secciones que visita, el uso de funciones espec\u00edficas, etc. <\/li>\n<\/ul>\n<p><strong>4. \u00bfQU\u00c9 TIPOS DE COOKIES EXISTEN?<\/strong><\/p>\n<p>Seg\u00fan su finalidad, podemos clasificar las cookies entre las siguientes:<\/p>\n<ol>\n<li>Cookies t\u00e9cnicas: Estas cookies son estrictamente necesarias para navegar por el Sitio Web ya que permiten funciones b\u00e1sicas como, por ejemplo, la navegaci\u00f3n de una secci\u00f3n a otra. Son responsables de aspectos t\u00e9cnicos como la identificaci\u00f3n de perfiles o sesiones y la gesti\u00f3n de las preferencias de la herramienta en el uso, interacci\u00f3n y localizaci\u00f3n de acceso a los contenidos. Tambi\u00e9n pertenecen a esta categor\u00eda, por su car\u00e1cter t\u00e9cnico, aquellas cookies que permiten la gesti\u00f3n, de la forma m\u00e1s eficaz posible, de los espacios publicitarios incluidos en el Sitio Web, sin recabar informaci\u00f3n del usuario para finalidades distintas a la mera gesti\u00f3n del espacio en cuesti\u00f3n, como puede ser la personalizaci\u00f3n de dicho contenido publicitario u otros contenidos.  <\/li>\n<li>Cookies estad\u00edsticas: Estas cookies miden y recogen informaci\u00f3n estad\u00edstica relacionada con el uso que hace el usuario del Sitio Web, como el tiempo de permanencia en el mismo, el n\u00famero de visitas o los contenidos visitados. Dicha informaci\u00f3n nos permite comprender c\u00f3mo interact\u00faan los usuarios con el Sitio Web, evaluar el rendimiento del mismo, qu\u00e9 p\u00e1ginas o secciones del Sitio Web son las m\u00e1s o menos visitadas, incluyendo la cuantificaci\u00f3n de los impactos de los anuncios insertados en el Sitio Web (si los hubiera). Con esta informaci\u00f3n se pueden solucionar errores, mejorar el dise\u00f1o del Sitio Web o los contenidos ofrecidos a trav\u00e9s de \u00e9l.  <\/li>\n<li>Cookies de preferencias o personalizaci\u00f3n: Las cookies de preferencias permiten al Sitio Web recordar informaci\u00f3n del usuario para que \u00e9ste acceda al servicio con determinadas caracter\u00edsticas que pueden diferenciar su experiencia de la de otros usuarios. Por ejemplo, su idioma preferido o la regi\u00f3n desde la que accede, el n\u00famero de resultados que se muestran cuando el usuario realiza una b\u00fasqueda, la apariencia o contenido del servicio en funci\u00f3n del tipo de dispositivo desde el que accede. <\/li>\n<li>Cookies de publicidad comportamental: Estas cookies permiten la gesti\u00f3n de los espacios publicitarios que, en su caso, incluya el Sitio Web, en funci\u00f3n del perfil de navegaci\u00f3n del usuario. Estas cookies almacenan informaci\u00f3n de la navegaci\u00f3n de los usuarios obtenida a trav\u00e9s de la observaci\u00f3n continuada de sus h\u00e1bitos de navegaci\u00f3n, elaborando un perfil espec\u00edfico de usuario. Esto permitir\u00e1 que los anuncios que aparezcan en estos espacios sean personalizados para el usuario en virtud de dichos h\u00e1bitos.  <\/li>\n<\/ol>\n<p>En funci\u00f3n de la entidad que los gestione:<\/p>\n<ol>\n<li>Cookies propias: son aqu\u00e9llas que se env\u00edan al dispositivo del usuario desde un equipo o dominio gestionado por el responsable del Sitio Web, en este caso, ZERTIA, y desde el que se presta el servicio solicitado por el usuario.<\/li>\n<li>Cookies de terceros: son aquellas que se env\u00edan al dispositivo del usuario desde un equipo o dominio que no es gestionado por el responsable de la<\/li>\n<li>Sitio Web, sino por otra entidad que procesa los datos obtenidos a trav\u00e9s de las cookies.<\/li>\n<\/ol>\n<p>Dependiendo del tiempo que permanezcan activados:<\/p>\n<ol>\n<li>Cookies de sesi\u00f3n: Est\u00e1n dise\u00f1adas para recabar y almacenar datos durante el tiempo que el usuario navega por el Sitio Web y se desactivan al finalizar la navegaci\u00f3n.<\/li>\n<li>Cookies persistentes: Son aqu\u00e9llas que almacenan datos y pueden ser accedidas y tratadas durante un periodo definido por el responsable de la cookie, y que puede ir de unos minutos a varios a\u00f1os.<\/li>\n<\/ol>\n<p><strong>5. \u00bfQU\u00c9 COOKIES ESPEC\u00cdFICAS UTILIZAMOS EN NUESTRO SITIO WEB?<\/strong><\/p>\n<p>En nuestro sitio web utilizamos las siguientes cookies:<\/p>\n<table style=\"height: 265px;\" border=\"1\" width=\"586\">\n<tbody>\n<tr>\n<th>Nombre t\u00e9cnico<\/th>\n<th>Descripci\u00f3n<\/th>\n<th>Funci\u00f3n<\/th>\n<th>Duraci\u00f3n<\/th>\n<th>Propiedad\/Terceros<\/th>\n<\/tr>\n<tr>\n<td>NID<\/td>\n<td>Google cookie para identificador \u00fanico de usuario<\/td>\n<td>T\u00e9cnica. Identifique a los usuarios y mant\u00e9ngalos conectados. <\/td>\n<td>6 meses<\/td>\n<td> <\/td>\n<\/tr>\n<tr>\n<td>CONSENT<\/td>\n<td>Google cookie para almacenar el consentimiento del usuario al uso de cookies.<\/td>\n<td>T\u00e9cnicas. Almacenar las preferencias del usuario sobre el uso de cookies. <\/td>\n<td>1 a\u00f1o<\/td>\n<td> <\/td>\n<\/tr>\n<tr>\n<td>__Secure-3PSID<\/td>\n<td>Cookie de Google para la autenticaci\u00f3n del usuario.<\/td>\n<td>T\u00e9cnica. Autentique a los usuarios y mant\u00e9ngalos conectados. <\/td>\n<td>2 a\u00f1os<\/td>\n<td> <\/td>\n<\/tr>\n<tr>\n<td>Secure-SSID <\/td>\n<td>Cookie de Google para identificar la sesi\u00f3n del usuario.<\/td>\n<td>T\u00e9cnica. Identificar la sesi\u00f3n del usuario y mantenerla activa. <\/td>\n<td>2 a\u00f1os<\/td>\n<td> <\/td>\n<\/tr>\n<tr>\n<td>viewed_cookie_policy<\/td>\n<td>Cookie para indicar que el usuario ha visto la pol\u00edtica de cookies.<\/td>\n<td>T\u00e9cnica. Evitar mostrar la pol\u00edtica de cookies al usuario cada vez que visita el sitio web. <\/td>\n<td>1 a\u00f1o<\/td>\n<td> <\/td>\n<\/tr>\n<tr>\n<td>cookieyes-consent<\/td>\n<td>Recordar las preferencias de consentimiento de los usuarios, para que se respeten sus preferencias en las siguientes visitas a este sitio.<\/td>\n<td>T\u00e9cnica. Recuerde las preferencias de consentimiento <\/td>\n<td>1 a\u00f1o<\/td>\n<td> <\/td>\n<\/tr>\n<tr>\n<td>PHPSESSID<\/td>\n<td>Mantener el estado de la sesi\u00f3n del usuario entre p\u00e1ginas.<\/td>\n<td>T\u00e9cnica. Mantener el estado de la sesi\u00f3n del usuario entre p\u00e1ginas. <\/td>\n<td>Sesi\u00f3n<\/td>\n<td> <\/td>\n<\/tr>\n<tr>\n<td>auth_token<\/td>\n<td>Autenticar a los usuarios y permitirles el acceso a zonas seguras del sitio web.<\/td>\n<td>T\u00e9cnica. Garantizar la seguridad e integridad de la sesi\u00f3n del usuario. <\/td>\n<td>Sesi\u00f3n<\/td>\n<td> <\/td>\n<\/tr>\n<tr>\n<td>csrf_token<\/td>\n<td>Prevenga ataques de falsificaci\u00f3n de aplicaciones (CSRF) asegur\u00e1ndose de que las solicitudes proceden de un usuario leg\u00edtimo.<\/td>\n<td>T\u00e9cnica. Proteger contra ataques malintencionados y garantizar la seguridad de la sesi\u00f3n. <\/td>\n<td>Sesi\u00f3n<\/td>\n<td> <\/td>\n<\/tr>\n<tr>\n<td>cookie_consent<\/td>\n<td>Registra el consentimiento del usuario para el uso de cookies en el sitio web.<\/td>\n<td>T\u00e9cnica. Cumplir los requisitos de consentimiento del GDPR. <\/td>\n<td>Sesi\u00f3n<\/td>\n<td> <\/td>\n<\/tr>\n<tr>\n<td>lang<\/td>\n<td>Recuerda el idioma preferido del usuario y personalizar la experiencia de navegaci\u00f3n en funci\u00f3n de esa preferencia.<\/td>\n<td>Preferencias. Mejore la usabilidad del sitio web para usuarios multiling\u00fces. <\/td>\n<td>Sesi\u00f3n<\/td>\n<td> <\/td>\n<\/tr>\n<tr>\n<td>_utma<\/td>\n<td>Cookie de Google Analytics para realizar un seguimiento de las visitas al sitio web.<\/td>\n<td>Estad\u00edsticas. Recopilar datos estad\u00edsticos sobre el tr\u00e1fico web y el comportamiento de los usuarios. <\/td>\n<td>2 a\u00f1os<\/td>\n<td> <\/td>\n<\/tr>\n<tr>\n<td>_utmb<\/td>\n<td>Cookie de Google Analytics para el seguimiento de las sesiones de usuario.<\/td>\n<td>Estad\u00edsticas. Calcula la duraci\u00f3n de las sesiones de usuario y el n\u00famero de p\u00e1ginas vistas. <\/td>\n<td>30 minutos<\/td>\n<td> <\/td>\n<\/tr>\n<tr>\n<td>_utmc<\/td>\n<td>GCookie de Google Analytics para rastrear fuentes de tr\u00e1fico.<\/td>\n<td>Estad\u00edsticas. Identifique la fuente de tr\u00e1fico que llev\u00f3 a un usuario al sitio web. <\/td>\n<td>6 meses<\/td>\n<td> <\/td>\n<\/tr>\n<tr>\n<td>_utmz<\/td>\n<td>Cookie de Google Analytics para el seguimiento de campa\u00f1as de marketing.<\/td>\n<td>Estad\u00edsticas. Realice un seguimiento del rendimiento de las campa\u00f1as de marketing en l\u00ednea. <\/td>\n<td>6 meses<\/td>\n<td> <\/td>\n<\/tr>\n<\/tbody>\n<\/table>\n<p><strong>6. \u00bfCU\u00c1L ES LA BASE DE LEGITIMACI\u00d3N QUE NOS PERMITE TRATAR SUS DATOS MEDIANTE COOKIES? EN CASO AFIRMATIVO, \u00bfSON OBLIGATORIAS? <\/strong><\/p>\n<p>El tratamiento de la informaci\u00f3n recabada con cookies y otros dispositivos <strong>no t\u00e9cnicos<\/strong> de seguimiento se basa en su <strong>consentimiento<\/strong>, que le solicitamos cuando accede al Sitio Web a trav\u00e9s de una ventana emergente informativa.El tratamiento de la informaci\u00f3n que recabamos a trav\u00e9s de <strong>cookies t\u00e9cnicas<\/strong> no requiere consentimiento, ya que se basa en el <strong>inter\u00e9s leg\u00edtimo<\/strong> de ZERTIA. En su caso, podr\u00e1 revocar su consentimiento en cualquier momento, tal y como se explica en el apartado de revocaci\u00f3n del consentimiento.Las cookies t\u00e9cnicas o necesarias no pueden ser deshabilitadas, ya que de lo contrario se ver\u00eda comprometido el correcto funcionamiento del Sitio Web. Por lo general, s\u00f3lo se instalan en respuesta a acciones realizadas cuando usted nos solicita servicios, como configurar sus preferencias en relaci\u00f3n con las propias cookies, iniciar sesi\u00f3n o cumplimentar formularios. En caso de desactivaci\u00f3n, esto podr\u00eda provocar que el uso de algunos de los servicios del Sitio Web se viera limitado al no poder acceder a determinadas funcionalidades y, por tanto, su experiencia fuera menos satisfactoria.  <\/p>\n<\/p>\n<p><strong>7. \u00bfA QUI\u00c9N TRANSFERIMOS SUS DATOS PERSONALES? \u00bfEXISTEN TRANSFERENCIAS INTERNACIONALES DE DATOS? <\/strong>Utilizamos algunas cookies de terceros, que son aquellas cookies recogidas y gestionadas por un tercero, por lo que estas entidades recibir\u00e1n sus datos personales recogidos a trav\u00e9s de las cookies con las finalidades indicadas para cada cookie. Estos tipos de cookies se indican en la tabla de la secci\u00f3n 5, como \u00abCookies de terceros\u00bb. En esta tabla se identifica el tercero que gestiona cada cookie. Hay casos en los que algunos proveedores de servicios de cookies de \u00abprimera parte\u00bb tambi\u00e9n pueden recopilar sus datos para sus propios fines, como mejorar su herramienta. En estos casos, tambi\u00e9n las identificaremos como \u00abcookies de terceros\u00bb en la tabla de la secci\u00f3n 5.Puede obtener informaci\u00f3n sobre las transferencias a terceros pa\u00edses que, en su caso, realicen los terceros identificados en esta pol\u00edtica de cookies en sus correspondientes pol\u00edticas.    <strong>8. \u00bfC\u00d3MO PUEDO ACEPTAR, RECHAZAR O REVOCAR MI CONSENTIMIENTO PARA EL USO DE COOKIES EN ESTE SITIO WEB?<\/strong>Al acceder a nuestro Sitio Web por primera vez, se le mostrar\u00e1 una ventana en la que podr\u00e1 indicar si acepta las cookies o si desea configurarlas o rechazarlas, salvo las estrictamente necesarias. Asimismo, podr\u00e1 retirar en cualquier momento el consentimiento previamente prestado.Si desea retirar en cualquier momento su consentimiento relacionado con la Pol\u00edtica de Cookies, tiene dos opciones: (i) retirar su consentimiento a trav\u00e9s de los botones habilitados al efecto en la presente Pol\u00edtica de Cookies ; o (ii) eliminar las cookies almacenadas en su dispositivo a trav\u00e9s de los ajustes y configuraciones de su navegador de Internet.Tenga en cuenta que si acepta cookies de terceros, deber\u00e1 eliminarlas desde las opciones de su navegador o desde el sistema ofrecido por el propio tercero.Puede obtener m\u00e1s informaci\u00f3n sobre c\u00f3mo desactivar las cookies, dependiendo de su navegador, en los siguientes enlaces:<br \/>Internet Explorer: <a href=\"https:\/\/support.microsoft.com\/es-es\/help\/17442\/windows-internet-explorer-delete-manage-cookies\">https:\/\/support.microsoft.com\/es-es\/help\/17442\/windows-internet-explorer-delete-manage-cookies<\/a><br \/>Firefox: <a href=\"https:\/\/support.mozilla.org\/es\/kb\/habilitar-y-deshabilitar-cookies-sitios-web-rastrear-preferencias\">https:\/\/support.mozilla.org\/es\/kb\/habilitar-y-deshabilitar-cookies-sitios-web-rastrear-preferencias<\/a><br \/>Chrome: <a href=\"https:\/\/support.google.com\/chrome\/answer\/95647?co=GENIE.Platform%3DDesktop&amp;hl=es\">https:\/\/support.google.com\/chrome\/answer\/95647?co=GENIE.Platform%3DDesktophl=es<\/a><br \/>Safari: <a href=\"https:\/\/support.apple.com\/es-es\/guide\/safari\/sfri11471\/mac%20;%20for%20iOS:%20https:\/\/support.apple.com\/es-es\/HT201265\">https:\/\/support.apple.com\/es-es\/guide\/safari\/sfri11471\/mac ; for iOS: https:\/\/support.apple.com\/es-es\/HT201265<\/a>   <\/p>\n<\/p>\n<p><strong>9. \u00bfCU\u00c1LES SON LOS DERECHOS QUE PUEDE EJERCER COMO INTERESADO?<\/strong><\/p>\n<p>Los derechos que le asisten como interesado en relaci\u00f3n con la protecci\u00f3n de sus datos personales se indican en la secci\u00f3n \u00ab\u00bfCu\u00e1les son los derechos que puede ejercer como interesado?\u00bb de la Pol\u00edtica de privacidad.<\/p>\n<\/p>\n<p><strong>10. MODIFICACIONES DE ESTA POL\u00cdTICA<\/strong><\/p>\n<p>Es posible que actualicemos la Pol\u00edtica de Cookies de nuestro Sitio Web de vez en cuando. Por ello, le recomendamos revisar esta pol\u00edtica cada vez que acceda a nuestro Sitio Web con el objetivo de estar adecuadamente informado sobre c\u00f3mo y para qu\u00e9 utilizamos las Cookies. <\/p>\n\t\t\t\t\t\t\t\t<\/div>\n\t\t\t\t<\/div>\n\t\t\t\t<\/div>\n\t\t\t\t\t<\/div>\n\t\t\t\t<\/div>\n\t\t\t\t<\/div>\n\t\t","protected":false},"excerpt":{"rendered":"<p>Pol\u00edtica de cookies En este sitio web, www.zertia.ai (el \u00absitio web\u00bb) utilizamos cookies u otras herramientas de seguimiento y localizaci\u00f3n para recopilar informaci\u00f3n sobre c\u00f3mo utilizan el sitio web los usuarios. 1. \u00bfQU\u00c9 ES UNA COOKIE? Una cookie es un fichero que se instala en el navegador de su dispositivo (ordenador, m\u00f3vil, etc.) con la [&hellip;]<\/p>\n","protected":false},"author":1,"featured_media":0,"parent":0,"menu_order":0,"comment_status":"closed","ping_status":"closed","template":"","meta":{"_acf_changed":false,"content-type":"","footnotes":""},"class_list":["post-2610","page","type-page","status-publish","hentry"],"acf":[],"yoast_head":"<!-- This site is optimized with the Yoast SEO plugin v24.7 - https:\/\/yoast.com\/wordpress\/plugins\/seo\/ -->\n<title>Pol\u00edtica de cookies | Zertia<\/title>\n<meta name=\"description\" content=\"Pol\u00edtica de cookies En este sitio web, www.zertia.ai (el \u00absitio web\u00bb) utilizamos cookies u otras herramientas de seguimiento y localizaci\u00f3n para recopilar\" \/>\n<meta name=\"robots\" content=\"noindex, follow, max-snippet:-1, max-image-preview:large, max-video-preview:-1\" \/>\n<meta property=\"og:locale\" content=\"es_ES\" \/>\n<meta property=\"og:type\" content=\"article\" \/>\n<meta property=\"og:title\" content=\"Pol\u00edtica de cookies | Zertia\" \/>\n<meta property=\"og:description\" content=\"Pol\u00edtica de cookies En este sitio web, www.zertia.ai (el \u00absitio web\u00bb) utilizamos cookies u otras herramientas de seguimiento y localizaci\u00f3n para recopilar\" \/>\n<meta property=\"og:url\" content=\"https:\/\/zertia.ai\/es\/politica-de-cookies\/\" \/>\n<meta property=\"og:site_name\" content=\"Zertia\" \/>\n<meta property=\"article:modified_time\" content=\"2024-10-16T14:56:42+00:00\" \/>\n<meta name=\"twitter:card\" content=\"summary_large_image\" \/>\n<meta name=\"twitter:site\" content=\"@zertia_corp\" \/>\n<meta name=\"twitter:label1\" content=\"Tiempo de lectura\" \/>\n\t<meta name=\"twitter:data1\" content=\"11 minutos\" \/>\n<script type=\"application\/ld+json\" class=\"yoast-schema-graph\">{\"@context\":\"https:\/\/schema.org\",\"@graph\":[{\"@type\":\"WebPage\",\"@id\":\"https:\/\/zertia.ai\/es\/politica-de-cookies\/\",\"url\":\"https:\/\/zertia.ai\/es\/politica-de-cookies\/\",\"name\":\"Pol\u00edtica de cookies | Zertia\",\"isPartOf\":{\"@id\":\"https:\/\/zertia.ai\/es\/#website\"},\"datePublished\":\"2024-09-20T07:25:45+00:00\",\"dateModified\":\"2024-10-16T14:56:42+00:00\",\"description\":\"Pol\u00edtica de cookies En este sitio web, www.zertia.ai (el \u00absitio web\u00bb) utilizamos cookies u otras herramientas de seguimiento y localizaci\u00f3n para recopilar\",\"breadcrumb\":{\"@id\":\"https:\/\/zertia.ai\/es\/politica-de-cookies\/#breadcrumb\"},\"inLanguage\":\"es\",\"potentialAction\":[{\"@type\":\"ReadAction\",\"target\":[\"https:\/\/zertia.ai\/es\/politica-de-cookies\/\"]}]},{\"@type\":\"BreadcrumbList\",\"@id\":\"https:\/\/zertia.ai\/es\/politica-de-cookies\/#breadcrumb\",\"itemListElement\":[{\"@type\":\"ListItem\",\"position\":1,\"name\":\"Home\",\"item\":\"https:\/\/zertia.ai\/es\/inicio\/\"},{\"@type\":\"ListItem\",\"position\":2,\"name\":\"Pol\u00edtica de cookies\"}]},{\"@type\":\"WebSite\",\"@id\":\"https:\/\/zertia.ai\/es\/#website\",\"url\":\"https:\/\/zertia.ai\/es\/\",\"name\":\"Zertia\",\"description\":\"Learn AI like never before\",\"publisher\":{\"@id\":\"https:\/\/zertia.ai\/es\/#organization\"},\"potentialAction\":[{\"@type\":\"SearchAction\",\"target\":{\"@type\":\"EntryPoint\",\"urlTemplate\":\"https:\/\/zertia.ai\/es\/?s={search_term_string}\"},\"query-input\":{\"@type\":\"PropertyValueSpecification\",\"valueRequired\":true,\"valueName\":\"search_term_string\"}}],\"inLanguage\":\"es\"},{\"@type\":\"Organization\",\"@id\":\"https:\/\/zertia.ai\/es\/#organization\",\"name\":\"Zertia\",\"url\":\"https:\/\/zertia.ai\/es\/\",\"logo\":{\"@type\":\"ImageObject\",\"inLanguage\":\"es\",\"@id\":\"https:\/\/zertia.ai\/es\/#\/schema\/logo\/image\/\",\"url\":\"https:\/\/zertia.ai\/wp-content\/uploads\/NEW-LOGO-ZERTIA-1.png\",\"contentUrl\":\"https:\/\/zertia.ai\/wp-content\/uploads\/NEW-LOGO-ZERTIA-1.png\",\"width\":734,\"height\":160,\"caption\":\"Zertia\"},\"image\":{\"@id\":\"https:\/\/zertia.ai\/es\/#\/schema\/logo\/image\/\"},\"sameAs\":[\"https:\/\/x.com\/zertia_corp\",\"https:\/\/www.linkedin.com\/company\/zertia-ai\/\"]}]}<\/script>\n<!-- \/ Yoast SEO plugin. -->","yoast_head_json":{"title":"Pol\u00edtica de cookies | Zertia","description":"Pol\u00edtica de cookies En este sitio web, www.zertia.ai (el \u00absitio web\u00bb) utilizamos cookies u otras herramientas de seguimiento y localizaci\u00f3n para recopilar","robots":{"index":"noindex","follow":"follow","max-snippet":"max-snippet:-1","max-image-preview":"max-image-preview:large","max-video-preview":"max-video-preview:-1"},"og_locale":"es_ES","og_type":"article","og_title":"Pol\u00edtica de cookies | Zertia","og_description":"Pol\u00edtica de cookies En este sitio web, www.zertia.ai (el \u00absitio web\u00bb) utilizamos cookies u otras herramientas de seguimiento y localizaci\u00f3n para recopilar","og_url":"https:\/\/zertia.ai\/es\/politica-de-cookies\/","og_site_name":"Zertia","article_modified_time":"2024-10-16T14:56:42+00:00","twitter_card":"summary_large_image","twitter_site":"@zertia_corp","twitter_misc":{"Tiempo de lectura":"11 minutos"},"schema":{"@context":"https:\/\/schema.org","@graph":[{"@type":"WebPage","@id":"https:\/\/zertia.ai\/es\/politica-de-cookies\/","url":"https:\/\/zertia.ai\/es\/politica-de-cookies\/","name":"Pol\u00edtica de cookies | Zertia","isPartOf":{"@id":"https:\/\/zertia.ai\/es\/#website"},"datePublished":"2024-09-20T07:25:45+00:00","dateModified":"2024-10-16T14:56:42+00:00","description":"Pol\u00edtica de cookies En este sitio web, www.zertia.ai (el \u00absitio web\u00bb) utilizamos cookies u otras herramientas de seguimiento y localizaci\u00f3n para recopilar","breadcrumb":{"@id":"https:\/\/zertia.ai\/es\/politica-de-cookies\/#breadcrumb"},"inLanguage":"es","potentialAction":[{"@type":"ReadAction","target":["https:\/\/zertia.ai\/es\/politica-de-cookies\/"]}]},{"@type":"BreadcrumbList","@id":"https:\/\/zertia.ai\/es\/politica-de-cookies\/#breadcrumb","itemListElement":[{"@type":"ListItem","position":1,"name":"Home","item":"https:\/\/zertia.ai\/es\/inicio\/"},{"@type":"ListItem","position":2,"name":"Pol\u00edtica de cookies"}]},{"@type":"WebSite","@id":"https:\/\/zertia.ai\/es\/#website","url":"https:\/\/zertia.ai\/es\/","name":"Zertia","description":"Learn AI like never before","publisher":{"@id":"https:\/\/zertia.ai\/es\/#organization"},"potentialAction":[{"@type":"SearchAction","target":{"@type":"EntryPoint","urlTemplate":"https:\/\/zertia.ai\/es\/?s={search_term_string}"},"query-input":{"@type":"PropertyValueSpecification","valueRequired":true,"valueName":"search_term_string"}}],"inLanguage":"es"},{"@type":"Organization","@id":"https:\/\/zertia.ai\/es\/#organization","name":"Zertia","url":"https:\/\/zertia.ai\/es\/","logo":{"@type":"ImageObject","inLanguage":"es","@id":"https:\/\/zertia.ai\/es\/#\/schema\/logo\/image\/","url":"https:\/\/zertia.ai\/wp-content\/uploads\/NEW-LOGO-ZERTIA-1.png","contentUrl":"https:\/\/zertia.ai\/wp-content\/uploads\/NEW-LOGO-ZERTIA-1.png","width":734,"height":160,"caption":"Zertia"},"image":{"@id":"https:\/\/zertia.ai\/es\/#\/schema\/logo\/image\/"},"sameAs":["https:\/\/x.com\/zertia_corp","https:\/\/www.linkedin.com\/company\/zertia-ai\/"]}]}},"_links":{"self":[{"href":"https:\/\/zertia.ai\/es\/wp-json\/wp\/v2\/pages\/2610","targetHints":{"allow":["GET"]}}],"collection":[{"href":"https:\/\/zertia.ai\/es\/wp-json\/wp\/v2\/pages"}],"about":[{"href":"https:\/\/zertia.ai\/es\/wp-json\/wp\/v2\/types\/page"}],"author":[{"embeddable":true,"href":"https:\/\/zertia.ai\/es\/wp-json\/wp\/v2\/users\/1"}],"replies":[{"embeddable":true,"href":"https:\/\/zertia.ai\/es\/wp-json\/wp\/v2\/comments?post=2610"}],"version-history":[{"count":0,"href":"https:\/\/zertia.ai\/es\/wp-json\/wp\/v2\/pages\/2610\/revisions"}],"wp:attachment":[{"href":"https:\/\/zertia.ai\/es\/wp-json\/wp\/v2\/media?parent=2610"}],"curies":[{"name":"wp","href":"https:\/\/api.w.org\/{rel}","templated":true}]}}