{"id":2864,"date":"2024-09-12T18:32:19","date_gmt":"2024-09-12T16:32:19","guid":{"rendered":"https:\/\/staging.zertia.ai\/contactanos\/"},"modified":"2026-01-26T12:33:25","modified_gmt":"2026-01-26T11:33:25","slug":"contacto","status":"publish","type":"page","link":"https:\/\/zertia.ai\/es\/contacto\/","title":{"rendered":"Contacto"},"content":{"rendered":"\t\t<div data-elementor-type=\"wp-page\" data-elementor-id=\"2864\" class=\"elementor elementor-2864 elementor-65\" data-elementor-post-type=\"page\">\n\t\t\t\t<div class=\"has_ae_slider elementor-element elementor-element-e87bcb9 e-flex e-con-boxed ae-bg-gallery-type-default e-con e-parent\" data-id=\"e87bcb9\" data-element_type=\"container\">\n\t\t\t\t\t<div class=\"e-con-inner\">\n\t\t<div class=\"has_ae_slider elementor-element elementor-element-4b4c27f e-con-full animated-fast e-flex ae-bg-gallery-type-default elementor-invisible e-con e-child\" data-id=\"4b4c27f\" data-element_type=\"container\" data-settings=\"{&quot;animation&quot;:&quot;fadeInLeft&quot;,&quot;animation_delay&quot;:300}\">\n\t\t\t\t<div class=\"elementor-element elementor-element-e3c80e8 elementor-widget__width-auto gradient-text-inner animated-fast elementor-invisible elementor-widget elementor-widget-heading\" data-id=\"e3c80e8\" data-element_type=\"widget\" data-settings=\"{&quot;_animation&quot;:&quot;fadeInDown&quot;}\" data-widget_type=\"heading.default\">\n\t\t\t\t<div class=\"elementor-widget-container\">\n\t\t\t\t\t<h1 class=\"elementor-heading-title elementor-size-default\">Cont\u00e1ctanos<\/h1>\t\t\t\t<\/div>\n\t\t\t\t<\/div>\n\t\t\t\t<div class=\"elementor-element elementor-element-46b891d elementor-widget elementor-widget-heading\" data-id=\"46b891d\" data-element_type=\"widget\" data-widget_type=\"heading.default\">\n\t\t\t\t<div class=\"elementor-widget-container\">\n\t\t\t\t\t<p class=\"elementor-heading-title elementor-size-default\">\u00bfTienes alguna pregunta, sugerencia o petici\u00f3n?<\/p>\t\t\t\t<\/div>\n\t\t\t\t<\/div>\n\t\t\t\t<div class=\"elementor-element elementor-element-1379bd6 elementor-widget elementor-widget-heading\" data-id=\"1379bd6\" data-element_type=\"widget\" data-widget_type=\"heading.default\">\n\t\t\t\t<div class=\"elementor-widget-container\">\n\t\t\t\t\t<p class=\"elementor-heading-title elementor-size-default\">Completa el formulario para que podamos ayudarte a gestionar el cumplimiento normativo y la gobernanza de la IA en tu organizaci\u00f3n.\nSi lo prefieres, escr\u00edbenos a hello@zertia.ai o ll\u00e1manos al +34 629 234 167.<\/p>\t\t\t\t<\/div>\n\t\t\t\t<\/div>\n\t\t\t\t<\/div>\n\t\t<div class=\"has_ae_slider elementor-element elementor-element-09f9f8b e-con-full e-flex ae-bg-gallery-type-default e-con e-child\" data-id=\"09f9f8b\" data-element_type=\"container\" data-settings=\"{&quot;background_background&quot;:&quot;classic&quot;}\">\n\t\t\t\t<div class=\"elementor-element elementor-element-e74cfed elementor-widget elementor-widget-hubspot-form\" data-id=\"e74cfed\" data-element_type=\"widget\" data-widget_type=\"hubspot-form.default\">\n\t\t\t\t<div class=\"elementor-widget-container\">\n\t\t\t\t\t\n\t\t\t\t\t\t<script>\n\t\t\t\t\t\t\twindow.hsFormsOnReady = window.hsFormsOnReady || [];\n\t\t\t\t\t\t\twindow.hsFormsOnReady.push(()=>{\n\t\t\t\t\t\t\t\thbspt.forms.create({\n\t\t\t\t\t\t\t\t\tportalId: 145390695,\n\t\t\t\t\t\t\t\t\tformId: \"11eb6dff-a7a9-44b2-912c-0efe42942b85\",\n\t\t\t\t\t\t\t\t\ttarget: \"#hbspt-form-1776352403000-9846145696\",\n\t\t\t\t\t\t\t\t\tregion: \"eu1\",\n\t\t\t\t\t\t\t\t\t\n\t\t\t\t\t\t\t})});\n\t\t\t\t\t\t<\/script>\n\t\t\t\t\t\t<div class=\"hbspt-form\" id=\"hbspt-form-1776352403000-9846145696\"><\/div>\t\t\t\t<\/div>\n\t\t\t\t<\/div>\n\t\t\t\t<\/div>\n\t\t\t\t\t<\/div>\n\t\t\t\t<\/div>\n\t\t<div class=\"has_ae_slider elementor-element elementor-element-fd867ac animated-fast e-flex e-con-boxed ae-bg-gallery-type-default elementor-invisible e-con e-parent\" data-id=\"fd867ac\" data-element_type=\"container\" data-settings=\"{&quot;animation&quot;:&quot;fadeIn&quot;}\">\n\t\t\t\t\t<div class=\"e-con-inner\">\n\t\t\t\t<div class=\"elementor-element elementor-element-ed8f1b6 elementor-widget elementor-widget-heading\" data-id=\"ed8f1b6\" data-element_type=\"widget\" data-widget_type=\"heading.default\">\n\t\t\t\t<div class=\"elementor-widget-container\">\n\t\t\t\t\t<h2 class=\"elementor-heading-title elementor-size-default\">Oficinas<\/h2>\t\t\t\t<\/div>\n\t\t\t\t<\/div>\n\t\t<div class=\"has_ae_slider elementor-element elementor-element-eec2e7f e-con-full e-flex ae-bg-gallery-type-default e-con e-child\" data-id=\"eec2e7f\" data-element_type=\"container\">\n\t\t<div class=\"has_ae_slider elementor-element elementor-element-2d182c5 e-con-full e-flex ae-bg-gallery-type-default e-con e-child\" data-id=\"2d182c5\" data-element_type=\"container\" data-settings=\"{&quot;background_background&quot;:&quot;classic&quot;}\">\n\t\t\t\t<div class=\"elementor-element elementor-element-5928613 all-links elementor-widget elementor-widget-text-editor\" data-id=\"5928613\" data-element_type=\"widget\" data-widget_type=\"text-editor.default\">\n\t\t\t\t<div class=\"elementor-widget-container\">\n\t\t\t\t\t\t\t\t\t<p><strong>EE.UU.<\/strong><br \/><br \/>1101 Brickell Ave,<br \/>Suite N1400<br \/>33131 Miami &#8211; Florida,<br \/>EE.UU.<\/p><p><a href=\"mailto:hello@zertia.ai\">hello@zertia.ai<\/a><\/p>\t\t\t\t\t\t\t\t<\/div>\n\t\t\t\t<\/div>\n\t\t\t\t<\/div>\n\t\t<div class=\"has_ae_slider elementor-element elementor-element-262878a e-con-full e-flex ae-bg-gallery-type-default e-con e-child\" data-id=\"262878a\" data-element_type=\"container\">\n\t\t\t\t<div class=\"elementor-element elementor-element-a814eba all-links elementor-widget elementor-widget-text-editor\" data-id=\"a814eba\" data-element_type=\"widget\" data-widget_type=\"text-editor.default\">\n\t\t\t\t<div class=\"elementor-widget-container\">\n\t\t\t\t\t\t\t\t\t<p><b>Europa<\/b><\/p><p>P.\u00ba de la Castellana 93b<br \/>Suite 114<br \/>28046 Madrid<br \/>Madrid, Espa\u00f1a<\/p><p><a href=\"mailto:hello@zertia.ai\">hello@zertia.ai<\/a><\/p>\t\t\t\t\t\t\t\t<\/div>\n\t\t\t\t<\/div>\n\t\t\t\t<\/div>\n\t\t\t\t<\/div>\n\t\t\t\t<div class=\"elementor-element elementor-element-df8444a elementor-widget elementor-widget-google_maps\" data-id=\"df8444a\" data-element_type=\"widget\" data-widget_type=\"google_maps.default\">\n\t\t\t\t<div class=\"elementor-widget-container\">\n\t\t\t\t\t\t\t<div class=\"elementor-custom-embed\">\n\t\t\t<iframe loading=\"lazy\"\n\t\t\t\t\tsrc=\"https:\/\/maps.google.com\/maps?q=P.%C2%BA%20de%20la%20Castellana%2093b%20Suite%20114%2028046%20Madrid%20Madrid%2C%20Spain&#038;t=m&#038;z=12&#038;output=embed&#038;iwloc=near\"\n\t\t\t\t\ttitle=\"P.\u00ba de la Castellana 93b Suite 114 28046 Madrid Madrid, Spain\"\n\t\t\t\t\taria-label=\"P.\u00ba de la Castellana 93b Suite 114 28046 Madrid Madrid, Spain\"\n\t\t\t><\/iframe>\n\t\t<\/div>\n\t\t\t\t\t\t<\/div>\n\t\t\t\t<\/div>\n\t\t\t\t\t<\/div>\n\t\t\t\t<\/div>\n\t\t\t\t<\/div>\n\t\t","protected":false},"excerpt":{"rendered":"<p>Cont\u00e1ctanos \u00bfTienes alguna pregunta, sugerencia o petici\u00f3n? Completa el formulario para que podamos ayudarte a gestionar el cumplimiento normativo y la gobernanza de la IA en tu organizaci\u00f3n. Si lo prefieres, escr\u00edbenos a hello@zertia.ai o ll\u00e1manos al +34 629 234 167. Oficinas EE.UU. 1101 Brickell Ave,Suite N140033131 Miami &#8211; Florida,EE.UU. hello@zertia.ai Europa P.\u00ba de la [&hellip;]<\/p>\n","protected":false},"author":1,"featured_media":0,"parent":0,"menu_order":0,"comment_status":"closed","ping_status":"closed","template":"","meta":{"_acf_changed":false,"content-type":"","footnotes":""},"class_list":["post-2864","page","type-page","status-publish","hentry"],"acf":[],"yoast_head":"<!-- This site is optimized with the Yoast SEO plugin v24.7 - https:\/\/yoast.com\/wordpress\/plugins\/seo\/ -->\n<title>Contacto | Zertia<\/title>\n<meta name=\"description\" content=\"Cont\u00e1ctanos \u00bfTienes alguna pregunta, sugerencia o petici\u00f3n? Completa el formulario para que podamos ayudarte a gestionar el cumplimiento normativo y la\" \/>\n<meta name=\"robots\" content=\"noindex, follow, max-snippet:-1, max-image-preview:large, max-video-preview:-1\" \/>\n<meta property=\"og:locale\" content=\"es_ES\" \/>\n<meta property=\"og:type\" content=\"article\" \/>\n<meta property=\"og:title\" content=\"Contacto | Zertia\" \/>\n<meta property=\"og:description\" content=\"Cont\u00e1ctanos \u00bfTienes alguna pregunta, sugerencia o petici\u00f3n? Completa el formulario para que podamos ayudarte a gestionar el cumplimiento normativo y la\" \/>\n<meta property=\"og:url\" content=\"https:\/\/zertia.ai\/es\/contacto\/\" \/>\n<meta property=\"og:site_name\" content=\"Zertia\" \/>\n<meta property=\"article:modified_time\" content=\"2026-01-26T11:33:25+00:00\" \/>\n<meta name=\"twitter:card\" content=\"summary_large_image\" \/>\n<meta name=\"twitter:site\" content=\"@zertia_corp\" \/>\n<meta name=\"twitter:label1\" content=\"Tiempo de lectura\" \/>\n\t<meta name=\"twitter:data1\" content=\"1 minuto\" \/>\n<script type=\"application\/ld+json\" class=\"yoast-schema-graph\">{\"@context\":\"https:\/\/schema.org\",\"@graph\":[{\"@type\":\"WebPage\",\"@id\":\"https:\/\/zertia.ai\/es\/contacto\/\",\"url\":\"https:\/\/zertia.ai\/es\/contacto\/\",\"name\":\"Contacto | Zertia\",\"isPartOf\":{\"@id\":\"https:\/\/zertia.ai\/es\/#website\"},\"datePublished\":\"2024-09-12T16:32:19+00:00\",\"dateModified\":\"2026-01-26T11:33:25+00:00\",\"description\":\"Cont\u00e1ctanos \u00bfTienes alguna pregunta, sugerencia o petici\u00f3n? Completa el formulario para que podamos ayudarte a gestionar el cumplimiento normativo y la\",\"breadcrumb\":{\"@id\":\"https:\/\/zertia.ai\/es\/contacto\/#breadcrumb\"},\"inLanguage\":\"es\",\"potentialAction\":[{\"@type\":\"ReadAction\",\"target\":[\"https:\/\/zertia.ai\/es\/contacto\/\"]}]},{\"@type\":\"BreadcrumbList\",\"@id\":\"https:\/\/zertia.ai\/es\/contacto\/#breadcrumb\",\"itemListElement\":[{\"@type\":\"ListItem\",\"position\":1,\"name\":\"Home\",\"item\":\"https:\/\/zertia.ai\/es\/inicio\/\"},{\"@type\":\"ListItem\",\"position\":2,\"name\":\"Contacto\"}]},{\"@type\":\"WebSite\",\"@id\":\"https:\/\/zertia.ai\/es\/#website\",\"url\":\"https:\/\/zertia.ai\/es\/\",\"name\":\"Zertia\",\"description\":\"Learn AI like never before\",\"publisher\":{\"@id\":\"https:\/\/zertia.ai\/es\/#organization\"},\"potentialAction\":[{\"@type\":\"SearchAction\",\"target\":{\"@type\":\"EntryPoint\",\"urlTemplate\":\"https:\/\/zertia.ai\/es\/?s={search_term_string}\"},\"query-input\":{\"@type\":\"PropertyValueSpecification\",\"valueRequired\":true,\"valueName\":\"search_term_string\"}}],\"inLanguage\":\"es\"},{\"@type\":\"Organization\",\"@id\":\"https:\/\/zertia.ai\/es\/#organization\",\"name\":\"Zertia\",\"url\":\"https:\/\/zertia.ai\/es\/\",\"logo\":{\"@type\":\"ImageObject\",\"inLanguage\":\"es\",\"@id\":\"https:\/\/zertia.ai\/es\/#\/schema\/logo\/image\/\",\"url\":\"https:\/\/zertia.ai\/wp-content\/uploads\/NEW-LOGO-ZERTIA-1.png\",\"contentUrl\":\"https:\/\/zertia.ai\/wp-content\/uploads\/NEW-LOGO-ZERTIA-1.png\",\"width\":734,\"height\":160,\"caption\":\"Zertia\"},\"image\":{\"@id\":\"https:\/\/zertia.ai\/es\/#\/schema\/logo\/image\/\"},\"sameAs\":[\"https:\/\/x.com\/zertia_corp\",\"https:\/\/www.linkedin.com\/company\/zertia-ai\/\"]}]}<\/script>\n<!-- \/ Yoast SEO plugin. -->","yoast_head_json":{"title":"Contacto | Zertia","description":"Cont\u00e1ctanos \u00bfTienes alguna pregunta, sugerencia o petici\u00f3n? Completa el formulario para que podamos ayudarte a gestionar el cumplimiento normativo y la","robots":{"index":"noindex","follow":"follow","max-snippet":"max-snippet:-1","max-image-preview":"max-image-preview:large","max-video-preview":"max-video-preview:-1"},"og_locale":"es_ES","og_type":"article","og_title":"Contacto | Zertia","og_description":"Cont\u00e1ctanos \u00bfTienes alguna pregunta, sugerencia o petici\u00f3n? Completa el formulario para que podamos ayudarte a gestionar el cumplimiento normativo y la","og_url":"https:\/\/zertia.ai\/es\/contacto\/","og_site_name":"Zertia","article_modified_time":"2026-01-26T11:33:25+00:00","twitter_card":"summary_large_image","twitter_site":"@zertia_corp","twitter_misc":{"Tiempo de lectura":"1 minuto"},"schema":{"@context":"https:\/\/schema.org","@graph":[{"@type":"WebPage","@id":"https:\/\/zertia.ai\/es\/contacto\/","url":"https:\/\/zertia.ai\/es\/contacto\/","name":"Contacto | Zertia","isPartOf":{"@id":"https:\/\/zertia.ai\/es\/#website"},"datePublished":"2024-09-12T16:32:19+00:00","dateModified":"2026-01-26T11:33:25+00:00","description":"Cont\u00e1ctanos \u00bfTienes alguna pregunta, sugerencia o petici\u00f3n? Completa el formulario para que podamos ayudarte a gestionar el cumplimiento normativo y la","breadcrumb":{"@id":"https:\/\/zertia.ai\/es\/contacto\/#breadcrumb"},"inLanguage":"es","potentialAction":[{"@type":"ReadAction","target":["https:\/\/zertia.ai\/es\/contacto\/"]}]},{"@type":"BreadcrumbList","@id":"https:\/\/zertia.ai\/es\/contacto\/#breadcrumb","itemListElement":[{"@type":"ListItem","position":1,"name":"Home","item":"https:\/\/zertia.ai\/es\/inicio\/"},{"@type":"ListItem","position":2,"name":"Contacto"}]},{"@type":"WebSite","@id":"https:\/\/zertia.ai\/es\/#website","url":"https:\/\/zertia.ai\/es\/","name":"Zertia","description":"Learn AI like never before","publisher":{"@id":"https:\/\/zertia.ai\/es\/#organization"},"potentialAction":[{"@type":"SearchAction","target":{"@type":"EntryPoint","urlTemplate":"https:\/\/zertia.ai\/es\/?s={search_term_string}"},"query-input":{"@type":"PropertyValueSpecification","valueRequired":true,"valueName":"search_term_string"}}],"inLanguage":"es"},{"@type":"Organization","@id":"https:\/\/zertia.ai\/es\/#organization","name":"Zertia","url":"https:\/\/zertia.ai\/es\/","logo":{"@type":"ImageObject","inLanguage":"es","@id":"https:\/\/zertia.ai\/es\/#\/schema\/logo\/image\/","url":"https:\/\/zertia.ai\/wp-content\/uploads\/NEW-LOGO-ZERTIA-1.png","contentUrl":"https:\/\/zertia.ai\/wp-content\/uploads\/NEW-LOGO-ZERTIA-1.png","width":734,"height":160,"caption":"Zertia"},"image":{"@id":"https:\/\/zertia.ai\/es\/#\/schema\/logo\/image\/"},"sameAs":["https:\/\/x.com\/zertia_corp","https:\/\/www.linkedin.com\/company\/zertia-ai\/"]}]}},"_links":{"self":[{"href":"https:\/\/zertia.ai\/es\/wp-json\/wp\/v2\/pages\/2864","targetHints":{"allow":["GET"]}}],"collection":[{"href":"https:\/\/zertia.ai\/es\/wp-json\/wp\/v2\/pages"}],"about":[{"href":"https:\/\/zertia.ai\/es\/wp-json\/wp\/v2\/types\/page"}],"author":[{"embeddable":true,"href":"https:\/\/zertia.ai\/es\/wp-json\/wp\/v2\/users\/1"}],"replies":[{"embeddable":true,"href":"https:\/\/zertia.ai\/es\/wp-json\/wp\/v2\/comments?post=2864"}],"version-history":[{"count":7,"href":"https:\/\/zertia.ai\/es\/wp-json\/wp\/v2\/pages\/2864\/revisions"}],"predecessor-version":[{"id":8468,"href":"https:\/\/zertia.ai\/es\/wp-json\/wp\/v2\/pages\/2864\/revisions\/8468"}],"wp:attachment":[{"href":"https:\/\/zertia.ai\/es\/wp-json\/wp\/v2\/media?parent=2864"}],"curies":[{"name":"wp","href":"https:\/\/api.w.org\/{rel}","templated":true}]}}